{"id":5,"date":"2022-01-20T20:28:48","date_gmt":"2022-01-20T20:28:48","guid":{"rendered":"http:\/\/127.0.0.1\/mast\/ffa\/?page_id=5"},"modified":"2025-05-08T15:06:53","modified_gmt":"2025-05-08T15:06:53","slug":"home","status":"publish","type":"page","link":"https:\/\/agexplorer.ffa.org\/es\/","title":{"rendered":"Inicio"},"content":{"rendered":"<h4>Acerca de AgExplorer<\/h4>\n<p>AgExplorer es un recurso de carreras s\u00f3lido y completo para ayudarle a explorar la amplia gama de carreras dentro de la industria de la agricultura que le ofrece la Organizaci\u00f3n Nacional FFA. La agricultura tiene una variedad y abundancia de carreras que encajan dentro de doce emocionantes \u00e1reas de enfoque profesional.  Las carreras pueden llevarte a utilizar equipos avanzados, crear nuevas semillas h\u00edbridas, criar animales, dirigir personas o dise\u00f1ar nuevos productos y envases.<\/p>\n<p>La industria de la agricultura puede abrir un mundo de posibilidades, y la demanda de profesionales en todas las \u00e1reas agr\u00edcolas es alta.<\/p>\n<p>Aprende m\u00e1s sobre qu\u00e9 carrera puede ser adecuada para ti viendo los v\u00eddeos, explorando las p\u00e1ginas de carreras y completando el cuestionario interactivo MyCareer Quiz.<\/p>","protected":false},"excerpt":{"rendered":"<p>Acerca de AgExplorer AgExplorer es un recurso profesional s\u00f3lido y completo para ayudarle a explorar la amplia gama de carreras dentro de la industria de la agricultura que le ofrece la National FFA.<\/p>","protected":false},"author":1,"featured_media":0,"parent":0,"menu_order":12,"comment_status":"closed","ping_status":"closed","template":"","meta":{"_acf_changed":false,"footnotes":""},"class_list":["post-5","page","type-page","status-publish","hentry"],"acf":[],"yoast_head":"<!-- This site is optimized with the Yoast SEO plugin v27.3 - https:\/\/yoast.com\/product\/yoast-seo-wordpress\/ -->\n<title>Home - AgExplorer | National FFA Organization<\/title>\n<meta name=\"description\" content=\"AgExplorer is a robust, comprehensive career resource to help you explore the broad range of careers within the industry of agriculture.\" \/>\n<meta name=\"robots\" content=\"index, follow, max-snippet:-1, max-image-preview:large, max-video-preview:-1\" \/>\n<link rel=\"canonical\" href=\"https:\/\/agexplorer.ffa.org\/es\/\" \/>\n<meta property=\"og:locale\" content=\"es_MX\" \/>\n<meta property=\"og:type\" content=\"article\" \/>\n<meta property=\"og:title\" content=\"Home - AgExplorer | National FFA Organization\" \/>\n<meta property=\"og:description\" content=\"AgExplorer is a robust, comprehensive career resource to help you explore the broad range of careers within the industry of agriculture.\" \/>\n<meta property=\"og:url\" content=\"https:\/\/agexplorer.ffa.org\/es\/\" \/>\n<meta property=\"og:site_name\" content=\"AgExplorer | National FFA Organization\" \/>\n<meta property=\"article:modified_time\" content=\"2025-05-08T15:06:53+00:00\" \/>\n<meta name=\"twitter:card\" content=\"summary_large_image\" \/>\n<meta name=\"twitter:label1\" content=\"Est. reading time\" \/>\n\t<meta name=\"twitter:data1\" content=\"1 minuto\" \/>\n<script type=\"application\/ld+json\" class=\"yoast-schema-graph\">{\"@context\":\"https:\\\/\\\/schema.org\",\"@graph\":[{\"@type\":\"WebPage\",\"@id\":\"https:\\\/\\\/agexplorer.ffa.org\\\/\",\"url\":\"https:\\\/\\\/agexplorer.ffa.org\\\/\",\"name\":\"Home - AgExplorer | National FFA Organization\",\"isPartOf\":{\"@id\":\"https:\\\/\\\/agexplorer.ffa.org\\\/#website\"},\"datePublished\":\"2022-01-20T20:28:48+00:00\",\"dateModified\":\"2025-05-08T15:06:53+00:00\",\"description\":\"AgExplorer is a robust, comprehensive career resource to help you explore the broad range of careers within the industry of agriculture.\",\"breadcrumb\":{\"@id\":\"https:\\\/\\\/agexplorer.ffa.org\\\/#breadcrumb\"},\"inLanguage\":\"es-MX\",\"potentialAction\":[{\"@type\":\"ReadAction\",\"target\":[\"https:\\\/\\\/agexplorer.ffa.org\\\/\"]}]},{\"@type\":\"BreadcrumbList\",\"@id\":\"https:\\\/\\\/agexplorer.ffa.org\\\/#breadcrumb\",\"itemListElement\":[{\"@type\":\"ListItem\",\"position\":1,\"name\":\"Home\",\"item\":\"https:\\\/\\\/agexplorer.ffa.org\\\/\"},{\"@type\":\"ListItem\",\"position\":2,\"name\":\"Home\"}]},{\"@type\":\"WebSite\",\"@id\":\"https:\\\/\\\/agexplorer.ffa.org\\\/#website\",\"url\":\"https:\\\/\\\/agexplorer.ffa.org\\\/\",\"name\":\"AgExplorer | National FFA Organization\",\"description\":\"Find your Future in Agriculture\",\"potentialAction\":[{\"@type\":\"SearchAction\",\"target\":{\"@type\":\"EntryPoint\",\"urlTemplate\":\"https:\\\/\\\/agexplorer.ffa.org\\\/?s={search_term_string}\"},\"query-input\":{\"@type\":\"PropertyValueSpecification\",\"valueRequired\":true,\"valueName\":\"search_term_string\"}}],\"inLanguage\":\"es-MX\"}]}<\/script>\n<!-- \/ Yoast SEO plugin. -->","yoast_head_json":{"title":"Inicio - AgExplorer | National FFA Organization","description":"AgExplorer es un recurso profesional s\u00f3lido y completo que le ayudar\u00e1 a explorar la amplia gama de carreras dentro de la industria de la agricultura.","robots":{"index":"index","follow":"follow","max-snippet":"max-snippet:-1","max-image-preview":"max-image-preview:large","max-video-preview":"max-video-preview:-1"},"canonical":"https:\/\/agexplorer.ffa.org\/es\/","og_locale":"es_MX","og_type":"article","og_title":"Home - AgExplorer | National FFA Organization","og_description":"AgExplorer is a robust, comprehensive career resource to help you explore the broad range of careers within the industry of agriculture.","og_url":"https:\/\/agexplorer.ffa.org\/es\/","og_site_name":"AgExplorer | National FFA Organization","article_modified_time":"2025-05-08T15:06:53+00:00","twitter_card":"summary_large_image","twitter_misc":{"Est. reading time":"1 minuto"},"schema":{"@context":"https:\/\/schema.org","@graph":[{"@type":"WebPage","@id":"https:\/\/agexplorer.ffa.org\/","url":"https:\/\/agexplorer.ffa.org\/","name":"Inicio - AgExplorer | National FFA Organization","isPartOf":{"@id":"https:\/\/agexplorer.ffa.org\/#website"},"datePublished":"2022-01-20T20:28:48+00:00","dateModified":"2025-05-08T15:06:53+00:00","description":"AgExplorer es un recurso profesional s\u00f3lido y completo que le ayudar\u00e1 a explorar la amplia gama de carreras dentro de la industria de la agricultura.","breadcrumb":{"@id":"https:\/\/agexplorer.ffa.org\/#breadcrumb"},"inLanguage":"es-MX","potentialAction":[{"@type":"ReadAction","target":["https:\/\/agexplorer.ffa.org\/"]}]},{"@type":"BreadcrumbList","@id":"https:\/\/agexplorer.ffa.org\/#breadcrumb","itemListElement":[{"@type":"ListItem","position":1,"name":"Home","item":"https:\/\/agexplorer.ffa.org\/"},{"@type":"ListItem","position":2,"name":"Home"}]},{"@type":"WebSite","@id":"https:\/\/agexplorer.ffa.org\/#website","url":"https:\/\/agexplorer.ffa.org\/","name":"AgExplorer | Organizaci\u00f3n Nacional de la FFA","description":"Encuentra tu futuro en la agricultura","potentialAction":[{"@type":"SearchAction","target":{"@type":"EntryPoint","urlTemplate":"https:\/\/agexplorer.ffa.org\/?s={search_term_string}"},"query-input":{"@type":"PropertyValueSpecification","valueRequired":true,"valueName":"search_term_string"}}],"inLanguage":"es-MX"}]}},"_links":{"self":[{"href":"https:\/\/agexplorer.ffa.org\/es\/wp-json\/wp\/v2\/pages\/5","targetHints":{"allow":["GET"]}}],"collection":[{"href":"https:\/\/agexplorer.ffa.org\/es\/wp-json\/wp\/v2\/pages"}],"about":[{"href":"https:\/\/agexplorer.ffa.org\/es\/wp-json\/wp\/v2\/types\/page"}],"author":[{"embeddable":true,"href":"https:\/\/agexplorer.ffa.org\/es\/wp-json\/wp\/v2\/users\/1"}],"replies":[{"embeddable":true,"href":"https:\/\/agexplorer.ffa.org\/es\/wp-json\/wp\/v2\/comments?post=5"}],"version-history":[{"count":11,"href":"https:\/\/agexplorer.ffa.org\/es\/wp-json\/wp\/v2\/pages\/5\/revisions"}],"predecessor-version":[{"id":4417,"href":"https:\/\/agexplorer.ffa.org\/es\/wp-json\/wp\/v2\/pages\/5\/revisions\/4417"}],"wp:attachment":[{"href":"https:\/\/agexplorer.ffa.org\/es\/wp-json\/wp\/v2\/media?parent=5"}],"curies":[{"name":"wp","href":"https:\/\/api.w.org\/{rel}","templated":true}]}}