{"id":3867,"date":"2025-03-26T17:10:49","date_gmt":"2025-03-26T17:10:49","guid":{"rendered":"https:\/\/live-ffa-agexplorer-v2.pantheonsite.io\/?page_id=3867"},"modified":"2025-04-28T14:29:45","modified_gmt":"2025-04-28T14:29:45","slug":"fresh-frozen-custard-careers-from-dairy-to-dish","status":"publish","type":"page","link":"https:\/\/agexplorer.ffa.org\/es\/virtual-field-trips\/fresh-frozen-custard-careers-from-dairy-to-dish\/","title":{"rendered":"Natillas frescas congeladas : Carreras profesionales De la lecher\u00eda al plato"},"content":{"rendered":"<p>Viaje de \"la lecher\u00eda al plato\" para conocer la producci\u00f3n de las natillas heladas frescas de Culver's y las profesiones que la hacen posible. Conozca a los miembros del equipo de Culver's y aprenda sobre el proceso en la granja y en las instalaciones de procesamiento para descubrir c\u00f3mo se obtienen los productos y se mantiene la calidad. A continuaci\u00f3n, conozca el papel que desempe\u00f1an el marketing y las comunicaciones para llevar esos productos al restaurante y que los clientes de todo el pa\u00eds puedan disfrutarlos.<\/p>","protected":false},"excerpt":{"rendered":"<p>Viaje de \"la lecher\u00eda al plato\" para conocer la producci\u00f3n de las frescas natillas heladas de Culver's y las profesiones que la hacen posible. Conozca a los miembros del equipo de Culver's y aprenda sobre<\/p>","protected":false},"author":3,"featured_media":3984,"parent":1118,"menu_order":0,"comment_status":"closed","ping_status":"closed","template":"","meta":{"_acf_changed":false,"footnotes":""},"class_list":["post-3867","page","type-page","status-publish","has-post-thumbnail","hentry"],"acf":[],"yoast_head":"<!-- This site is optimized with the Yoast SEO plugin v27.3 - https:\/\/yoast.com\/product\/yoast-seo-wordpress\/ -->\n<title>Fresh Frozen Custard : Careers From Dairy to Dish - AgExplorer | National FFA Organization<\/title>\n<meta name=\"robots\" content=\"index, follow, max-snippet:-1, max-image-preview:large, max-video-preview:-1\" \/>\n<link rel=\"canonical\" href=\"http:\/\/agexplorer.ffa.org\/es\/virtual-field-trips\/fresh-frozen-custard-careers-from-dairy-to-dish\/\" \/>\n<meta property=\"og:locale\" content=\"es_MX\" \/>\n<meta property=\"og:type\" content=\"article\" \/>\n<meta property=\"og:title\" content=\"Fresh Frozen Custard : Careers From Dairy to Dish - AgExplorer | National FFA Organization\" \/>\n<meta property=\"og:description\" content=\"Travel from \u201cdairy to dish\u201d to learn about the production of Culver\u2019s fresh frozen custard and the careers that make this possible. Meet team members from Culver\u2019s and learn about\" \/>\n<meta property=\"og:url\" content=\"http:\/\/agexplorer.ffa.org\/es\/virtual-field-trips\/fresh-frozen-custard-careers-from-dairy-to-dish\/\" \/>\n<meta property=\"og:site_name\" content=\"AgExplorer | National FFA Organization\" \/>\n<meta property=\"article:modified_time\" content=\"2025-04-28T14:29:45+00:00\" \/>\n<meta property=\"og:image\" content=\"http:\/\/agexplorer.ffa.org\/wp-content\/uploads\/2025\/04\/vft_culvers_cover_464x600.jpg\" \/>\n\t<meta property=\"og:image:width\" content=\"464\" \/>\n\t<meta property=\"og:image:height\" content=\"600\" \/>\n\t<meta property=\"og:image:type\" content=\"image\/jpeg\" \/>\n<meta name=\"twitter:card\" content=\"summary_large_image\" \/>\n<meta name=\"twitter:label1\" content=\"Est. reading time\" \/>\n\t<meta name=\"twitter:data1\" content=\"1 minuto\" \/>\n<script type=\"application\/ld+json\" class=\"yoast-schema-graph\">{\"@context\":\"https:\\\/\\\/schema.org\",\"@graph\":[{\"@type\":\"WebPage\",\"@id\":\"http:\\\/\\\/agexplorer.ffa.org\\\/virtual-field-trips\\\/fresh-frozen-custard-careers-from-dairy-to-dish\\\/\",\"url\":\"http:\\\/\\\/agexplorer.ffa.org\\\/virtual-field-trips\\\/fresh-frozen-custard-careers-from-dairy-to-dish\\\/\",\"name\":\"Fresh Frozen Custard : Careers From Dairy to Dish - AgExplorer | National FFA Organization\",\"isPartOf\":{\"@id\":\"https:\\\/\\\/agexplorer.ffa.org\\\/#website\"},\"primaryImageOfPage\":{\"@id\":\"http:\\\/\\\/agexplorer.ffa.org\\\/virtual-field-trips\\\/fresh-frozen-custard-careers-from-dairy-to-dish\\\/#primaryimage\"},\"image\":{\"@id\":\"http:\\\/\\\/agexplorer.ffa.org\\\/virtual-field-trips\\\/fresh-frozen-custard-careers-from-dairy-to-dish\\\/#primaryimage\"},\"thumbnailUrl\":\"https:\\\/\\\/agexplorer.ffa.org\\\/wp-content\\\/uploads\\\/2025\\\/04\\\/vft_culvers_cover_464x600.jpg\",\"datePublished\":\"2025-03-26T17:10:49+00:00\",\"dateModified\":\"2025-04-28T14:29:45+00:00\",\"breadcrumb\":{\"@id\":\"http:\\\/\\\/agexplorer.ffa.org\\\/virtual-field-trips\\\/fresh-frozen-custard-careers-from-dairy-to-dish\\\/#breadcrumb\"},\"inLanguage\":\"es-MX\",\"potentialAction\":[{\"@type\":\"ReadAction\",\"target\":[\"http:\\\/\\\/agexplorer.ffa.org\\\/virtual-field-trips\\\/fresh-frozen-custard-careers-from-dairy-to-dish\\\/\"]}]},{\"@type\":\"ImageObject\",\"inLanguage\":\"es-MX\",\"@id\":\"http:\\\/\\\/agexplorer.ffa.org\\\/virtual-field-trips\\\/fresh-frozen-custard-careers-from-dairy-to-dish\\\/#primaryimage\",\"url\":\"https:\\\/\\\/agexplorer.ffa.org\\\/wp-content\\\/uploads\\\/2025\\\/04\\\/vft_culvers_cover_464x600.jpg\",\"contentUrl\":\"https:\\\/\\\/agexplorer.ffa.org\\\/wp-content\\\/uploads\\\/2025\\\/04\\\/vft_culvers_cover_464x600.jpg\",\"width\":464,\"height\":600},{\"@type\":\"BreadcrumbList\",\"@id\":\"http:\\\/\\\/agexplorer.ffa.org\\\/virtual-field-trips\\\/fresh-frozen-custard-careers-from-dairy-to-dish\\\/#breadcrumb\",\"itemListElement\":[{\"@type\":\"ListItem\",\"position\":1,\"name\":\"Home\",\"item\":\"https:\\\/\\\/agexplorer.ffa.org\\\/\"},{\"@type\":\"ListItem\",\"position\":2,\"name\":\"Virtual Field Trips\",\"item\":\"https:\\\/\\\/agexplorer.ffa.org\\\/virtual-field-trips\\\/\"},{\"@type\":\"ListItem\",\"position\":3,\"name\":\"Fresh Frozen Custard : Careers From Dairy to Dish\"}]},{\"@type\":\"WebSite\",\"@id\":\"https:\\\/\\\/agexplorer.ffa.org\\\/#website\",\"url\":\"https:\\\/\\\/agexplorer.ffa.org\\\/\",\"name\":\"AgExplorer | National FFA Organization\",\"description\":\"Find your Future in Agriculture\",\"potentialAction\":[{\"@type\":\"SearchAction\",\"target\":{\"@type\":\"EntryPoint\",\"urlTemplate\":\"https:\\\/\\\/agexplorer.ffa.org\\\/?s={search_term_string}\"},\"query-input\":{\"@type\":\"PropertyValueSpecification\",\"valueRequired\":true,\"valueName\":\"search_term_string\"}}],\"inLanguage\":\"es-MX\"}]}<\/script>\n<!-- \/ Yoast SEO plugin. -->","yoast_head_json":{"title":"Natillas Frescas Congeladas : Carreras de la Lecher\u00eda al Plato - AgExplorer | National FFA Organization","robots":{"index":"index","follow":"follow","max-snippet":"max-snippet:-1","max-image-preview":"max-image-preview:large","max-video-preview":"max-video-preview:-1"},"canonical":"http:\/\/agexplorer.ffa.org\/es\/virtual-field-trips\/fresh-frozen-custard-careers-from-dairy-to-dish\/","og_locale":"es_MX","og_type":"article","og_title":"Fresh Frozen Custard : Careers From Dairy to Dish - AgExplorer | National FFA Organization","og_description":"Travel from \u201cdairy to dish\u201d to learn about the production of Culver\u2019s fresh frozen custard and the careers that make this possible. Meet team members from Culver\u2019s and learn about","og_url":"http:\/\/agexplorer.ffa.org\/es\/virtual-field-trips\/fresh-frozen-custard-careers-from-dairy-to-dish\/","og_site_name":"AgExplorer | National FFA Organization","article_modified_time":"2025-04-28T14:29:45+00:00","og_image":[{"width":464,"height":600,"url":"http:\/\/agexplorer.ffa.org\/wp-content\/uploads\/2025\/04\/vft_culvers_cover_464x600.jpg","type":"image\/jpeg"}],"twitter_card":"summary_large_image","twitter_misc":{"Est. reading time":"1 minuto"},"schema":{"@context":"https:\/\/schema.org","@graph":[{"@type":"WebPage","@id":"http:\/\/agexplorer.ffa.org\/virtual-field-trips\/fresh-frozen-custard-careers-from-dairy-to-dish\/","url":"http:\/\/agexplorer.ffa.org\/virtual-field-trips\/fresh-frozen-custard-careers-from-dairy-to-dish\/","name":"Natillas Frescas Congeladas : Carreras de la Lecher\u00eda al Plato - AgExplorer | National FFA Organization","isPartOf":{"@id":"https:\/\/agexplorer.ffa.org\/#website"},"primaryImageOfPage":{"@id":"http:\/\/agexplorer.ffa.org\/virtual-field-trips\/fresh-frozen-custard-careers-from-dairy-to-dish\/#primaryimage"},"image":{"@id":"http:\/\/agexplorer.ffa.org\/virtual-field-trips\/fresh-frozen-custard-careers-from-dairy-to-dish\/#primaryimage"},"thumbnailUrl":"https:\/\/agexplorer.ffa.org\/wp-content\/uploads\/2025\/04\/vft_culvers_cover_464x600.jpg","datePublished":"2025-03-26T17:10:49+00:00","dateModified":"2025-04-28T14:29:45+00:00","breadcrumb":{"@id":"http:\/\/agexplorer.ffa.org\/virtual-field-trips\/fresh-frozen-custard-careers-from-dairy-to-dish\/#breadcrumb"},"inLanguage":"es-MX","potentialAction":[{"@type":"ReadAction","target":["http:\/\/agexplorer.ffa.org\/virtual-field-trips\/fresh-frozen-custard-careers-from-dairy-to-dish\/"]}]},{"@type":"ImageObject","inLanguage":"es-MX","@id":"http:\/\/agexplorer.ffa.org\/virtual-field-trips\/fresh-frozen-custard-careers-from-dairy-to-dish\/#primaryimage","url":"https:\/\/agexplorer.ffa.org\/wp-content\/uploads\/2025\/04\/vft_culvers_cover_464x600.jpg","contentUrl":"https:\/\/agexplorer.ffa.org\/wp-content\/uploads\/2025\/04\/vft_culvers_cover_464x600.jpg","width":464,"height":600},{"@type":"BreadcrumbList","@id":"http:\/\/agexplorer.ffa.org\/virtual-field-trips\/fresh-frozen-custard-careers-from-dairy-to-dish\/#breadcrumb","itemListElement":[{"@type":"ListItem","position":1,"name":"Home","item":"https:\/\/agexplorer.ffa.org\/"},{"@type":"ListItem","position":2,"name":"Virtual Field Trips","item":"https:\/\/agexplorer.ffa.org\/virtual-field-trips\/"},{"@type":"ListItem","position":3,"name":"Fresh Frozen Custard : Careers From Dairy to Dish"}]},{"@type":"WebSite","@id":"https:\/\/agexplorer.ffa.org\/#website","url":"https:\/\/agexplorer.ffa.org\/","name":"AgExplorer | Organizaci\u00f3n Nacional de la FFA","description":"Encuentra tu futuro en la agricultura","potentialAction":[{"@type":"SearchAction","target":{"@type":"EntryPoint","urlTemplate":"https:\/\/agexplorer.ffa.org\/?s={search_term_string}"},"query-input":{"@type":"PropertyValueSpecification","valueRequired":true,"valueName":"search_term_string"}}],"inLanguage":"es-MX"}]}},"_links":{"self":[{"href":"https:\/\/agexplorer.ffa.org\/es\/wp-json\/wp\/v2\/pages\/3867","targetHints":{"allow":["GET"]}}],"collection":[{"href":"https:\/\/agexplorer.ffa.org\/es\/wp-json\/wp\/v2\/pages"}],"about":[{"href":"https:\/\/agexplorer.ffa.org\/es\/wp-json\/wp\/v2\/types\/page"}],"author":[{"embeddable":true,"href":"https:\/\/agexplorer.ffa.org\/es\/wp-json\/wp\/v2\/users\/3"}],"replies":[{"embeddable":true,"href":"https:\/\/agexplorer.ffa.org\/es\/wp-json\/wp\/v2\/comments?post=3867"}],"version-history":[{"count":23,"href":"https:\/\/agexplorer.ffa.org\/es\/wp-json\/wp\/v2\/pages\/3867\/revisions"}],"predecessor-version":[{"id":3987,"href":"https:\/\/agexplorer.ffa.org\/es\/wp-json\/wp\/v2\/pages\/3867\/revisions\/3987"}],"up":[{"embeddable":true,"href":"https:\/\/agexplorer.ffa.org\/es\/wp-json\/wp\/v2\/pages\/1118"}],"wp:featuredmedia":[{"embeddable":true,"href":"https:\/\/agexplorer.ffa.org\/es\/wp-json\/wp\/v2\/media\/3984"}],"wp:attachment":[{"href":"https:\/\/agexplorer.ffa.org\/es\/wp-json\/wp\/v2\/media?parent=3867"}],"curies":[{"name":"wp","href":"https:\/\/api.w.org\/{rel}","templated":true}]}}