{"id":1147,"date":"2022-10-12T20:46:24","date_gmt":"2022-10-12T20:46:24","guid":{"rendered":"https:\/\/agexplorer.ffa.org\/?page_id=1147"},"modified":"2025-04-28T14:29:10","modified_gmt":"2025-04-28T14:29:10","slug":"beyond-the-sale-careers-that-deliver","status":"publish","type":"page","link":"https:\/\/agexplorer.ffa.org\/es\/virtual-field-trips\/beyond-the-sale-careers-that-deliver\/","title":{"rendered":"M\u00e1s all\u00e1 de la venta: Carreras que dan resultados"},"content":{"rendered":"<p>Emb\u00e1rcate en un viaje de \"ladridos a mordidas\" para explorar las carreras que llevan un nuevo alimento para perros desde la idea hasta el plato para perros. Conoce al equipo de Tractor Supply Company y aprende c\u00f3mo el desarrollo de productos, el marketing, la distribuci\u00f3n y la comercializaci\u00f3n son carreras importantes para ofrecer los productos que usas todos los d\u00edas.<\/p>","protected":false},"excerpt":{"rendered":"<p>Emprenda un viaje de \"ladrido a mordisco\" para explorar las profesiones que llevan un nuevo alimento para perros de la idea al cuenco del perro. Conoce al equipo de Tractor Supply Company para<\/p>","protected":false},"author":3,"featured_media":3148,"parent":1118,"menu_order":3,"comment_status":"closed","ping_status":"closed","template":"","meta":{"_acf_changed":false,"footnotes":""},"class_list":["post-1147","page","type-page","status-publish","has-post-thumbnail","hentry"],"acf":[],"yoast_head":"<!-- This site is optimized with the Yoast SEO plugin v27.4 - https:\/\/yoast.com\/product\/yoast-seo-wordpress\/ -->\n<title>Beyond the Sale: Careers that Deliver - AgExplorer | National FFA Organization<\/title>\n<meta name=\"robots\" content=\"index, follow, max-snippet:-1, max-image-preview:large, max-video-preview:-1\" \/>\n<link rel=\"canonical\" href=\"https:\/\/agexplorer.ffa.org\/es\/virtual-field-trips\/beyond-the-sale-careers-that-deliver\/\" \/>\n<meta property=\"og:locale\" content=\"es_MX\" \/>\n<meta property=\"og:type\" content=\"article\" \/>\n<meta property=\"og:title\" content=\"Beyond the Sale: Careers that Deliver - AgExplorer | National FFA Organization\" \/>\n<meta property=\"og:description\" content=\"Go on a \u201cbark to bite\u201d journey to explore the careers that bring a new dog food from idea to dog bowl. Meet the team at Tractor Supply Company to\" \/>\n<meta property=\"og:url\" content=\"https:\/\/agexplorer.ffa.org\/es\/virtual-field-trips\/beyond-the-sale-careers-that-deliver\/\" \/>\n<meta property=\"og:site_name\" content=\"AgExplorer | National FFA Organization\" \/>\n<meta property=\"article:modified_time\" content=\"2025-04-28T14:29:10+00:00\" \/>\n<meta property=\"og:image\" content=\"https:\/\/agexplorer.ffa.org\/wp-content\/uploads\/2023\/04\/agex_vft_beyond_sale_640x828-e1745615895952.webp\" \/>\n\t<meta property=\"og:image:width\" content=\"600\" \/>\n\t<meta property=\"og:image:height\" content=\"464\" \/>\n\t<meta property=\"og:image:type\" content=\"image\/webp\" \/>\n<meta name=\"twitter:card\" content=\"summary_large_image\" \/>\n<meta name=\"twitter:label1\" content=\"Est. reading time\" \/>\n\t<meta name=\"twitter:data1\" content=\"1 minuto\" \/>\n<script type=\"application\/ld+json\" class=\"yoast-schema-graph\">{\"@context\":\"https:\\\/\\\/schema.org\",\"@graph\":[{\"@type\":\"WebPage\",\"@id\":\"https:\\\/\\\/agexplorer.ffa.org\\\/virtual-field-trips\\\/beyond-the-sale-careers-that-deliver\\\/\",\"url\":\"https:\\\/\\\/agexplorer.ffa.org\\\/virtual-field-trips\\\/beyond-the-sale-careers-that-deliver\\\/\",\"name\":\"Beyond the Sale: Careers that Deliver - AgExplorer | National FFA Organization\",\"isPartOf\":{\"@id\":\"https:\\\/\\\/agexplorer.ffa.org\\\/#website\"},\"primaryImageOfPage\":{\"@id\":\"https:\\\/\\\/agexplorer.ffa.org\\\/virtual-field-trips\\\/beyond-the-sale-careers-that-deliver\\\/#primaryimage\"},\"image\":{\"@id\":\"https:\\\/\\\/agexplorer.ffa.org\\\/virtual-field-trips\\\/beyond-the-sale-careers-that-deliver\\\/#primaryimage\"},\"thumbnailUrl\":\"https:\\\/\\\/agexplorer.ffa.org\\\/wp-content\\\/uploads\\\/2023\\\/04\\\/agex_vft_beyond_sale_640x828-e1745615895952.webp\",\"datePublished\":\"2022-10-12T20:46:24+00:00\",\"dateModified\":\"2025-04-28T14:29:10+00:00\",\"breadcrumb\":{\"@id\":\"https:\\\/\\\/agexplorer.ffa.org\\\/virtual-field-trips\\\/beyond-the-sale-careers-that-deliver\\\/#breadcrumb\"},\"inLanguage\":\"es-MX\",\"potentialAction\":[{\"@type\":\"ReadAction\",\"target\":[\"https:\\\/\\\/agexplorer.ffa.org\\\/virtual-field-trips\\\/beyond-the-sale-careers-that-deliver\\\/\"]}]},{\"@type\":\"ImageObject\",\"inLanguage\":\"es-MX\",\"@id\":\"https:\\\/\\\/agexplorer.ffa.org\\\/virtual-field-trips\\\/beyond-the-sale-careers-that-deliver\\\/#primaryimage\",\"url\":\"https:\\\/\\\/agexplorer.ffa.org\\\/wp-content\\\/uploads\\\/2023\\\/04\\\/agex_vft_beyond_sale_640x828-e1745615895952.webp\",\"contentUrl\":\"https:\\\/\\\/agexplorer.ffa.org\\\/wp-content\\\/uploads\\\/2023\\\/04\\\/agex_vft_beyond_sale_640x828-e1745615895952.webp\",\"width\":600,\"height\":464,\"caption\":\"AgExplorer\"},{\"@type\":\"BreadcrumbList\",\"@id\":\"https:\\\/\\\/agexplorer.ffa.org\\\/virtual-field-trips\\\/beyond-the-sale-careers-that-deliver\\\/#breadcrumb\",\"itemListElement\":[{\"@type\":\"ListItem\",\"position\":1,\"name\":\"Home\",\"item\":\"https:\\\/\\\/agexplorer.ffa.org\\\/\"},{\"@type\":\"ListItem\",\"position\":2,\"name\":\"Virtual Field Trips\",\"item\":\"https:\\\/\\\/agexplorer.ffa.org\\\/virtual-field-trips\\\/\"},{\"@type\":\"ListItem\",\"position\":3,\"name\":\"Beyond the Sale: Careers that Deliver\"}]},{\"@type\":\"WebSite\",\"@id\":\"https:\\\/\\\/agexplorer.ffa.org\\\/#website\",\"url\":\"https:\\\/\\\/agexplorer.ffa.org\\\/\",\"name\":\"AgExplorer | National FFA Organization\",\"description\":\"Find your Future in Agriculture\",\"potentialAction\":[{\"@type\":\"SearchAction\",\"target\":{\"@type\":\"EntryPoint\",\"urlTemplate\":\"https:\\\/\\\/agexplorer.ffa.org\\\/?s={search_term_string}\"},\"query-input\":{\"@type\":\"PropertyValueSpecification\",\"valueRequired\":true,\"valueName\":\"search_term_string\"}}],\"inLanguage\":\"es-MX\"}]}<\/script>\n<!-- \/ Yoast SEO plugin. -->","yoast_head_json":{"title":"M\u00e1s all\u00e1 de la venta: Carreras que cumplen - AgExplorer | National FFA Organization","robots":{"index":"index","follow":"follow","max-snippet":"max-snippet:-1","max-image-preview":"max-image-preview:large","max-video-preview":"max-video-preview:-1"},"canonical":"https:\/\/agexplorer.ffa.org\/es\/virtual-field-trips\/beyond-the-sale-careers-that-deliver\/","og_locale":"es_MX","og_type":"article","og_title":"Beyond the Sale: Careers that Deliver - AgExplorer | National FFA Organization","og_description":"Go on a \u201cbark to bite\u201d journey to explore the careers that bring a new dog food from idea to dog bowl. Meet the team at Tractor Supply Company to","og_url":"https:\/\/agexplorer.ffa.org\/es\/virtual-field-trips\/beyond-the-sale-careers-that-deliver\/","og_site_name":"AgExplorer | National FFA Organization","article_modified_time":"2025-04-28T14:29:10+00:00","og_image":[{"width":600,"height":464,"url":"https:\/\/agexplorer.ffa.org\/wp-content\/uploads\/2023\/04\/agex_vft_beyond_sale_640x828-e1745615895952.webp","type":"image\/webp"}],"twitter_card":"summary_large_image","twitter_misc":{"Est. reading time":"1 minuto"},"schema":{"@context":"https:\/\/schema.org","@graph":[{"@type":"WebPage","@id":"https:\/\/agexplorer.ffa.org\/virtual-field-trips\/beyond-the-sale-careers-that-deliver\/","url":"https:\/\/agexplorer.ffa.org\/virtual-field-trips\/beyond-the-sale-careers-that-deliver\/","name":"M\u00e1s all\u00e1 de la venta: Carreras que cumplen - AgExplorer | National FFA Organization","isPartOf":{"@id":"https:\/\/agexplorer.ffa.org\/#website"},"primaryImageOfPage":{"@id":"https:\/\/agexplorer.ffa.org\/virtual-field-trips\/beyond-the-sale-careers-that-deliver\/#primaryimage"},"image":{"@id":"https:\/\/agexplorer.ffa.org\/virtual-field-trips\/beyond-the-sale-careers-that-deliver\/#primaryimage"},"thumbnailUrl":"https:\/\/agexplorer.ffa.org\/wp-content\/uploads\/2023\/04\/agex_vft_beyond_sale_640x828-e1745615895952.webp","datePublished":"2022-10-12T20:46:24+00:00","dateModified":"2025-04-28T14:29:10+00:00","breadcrumb":{"@id":"https:\/\/agexplorer.ffa.org\/virtual-field-trips\/beyond-the-sale-careers-that-deliver\/#breadcrumb"},"inLanguage":"es-MX","potentialAction":[{"@type":"ReadAction","target":["https:\/\/agexplorer.ffa.org\/virtual-field-trips\/beyond-the-sale-careers-that-deliver\/"]}]},{"@type":"ImageObject","inLanguage":"es-MX","@id":"https:\/\/agexplorer.ffa.org\/virtual-field-trips\/beyond-the-sale-careers-that-deliver\/#primaryimage","url":"https:\/\/agexplorer.ffa.org\/wp-content\/uploads\/2023\/04\/agex_vft_beyond_sale_640x828-e1745615895952.webp","contentUrl":"https:\/\/agexplorer.ffa.org\/wp-content\/uploads\/2023\/04\/agex_vft_beyond_sale_640x828-e1745615895952.webp","width":600,"height":464,"caption":"AgExplorer"},{"@type":"BreadcrumbList","@id":"https:\/\/agexplorer.ffa.org\/virtual-field-trips\/beyond-the-sale-careers-that-deliver\/#breadcrumb","itemListElement":[{"@type":"ListItem","position":1,"name":"Home","item":"https:\/\/agexplorer.ffa.org\/"},{"@type":"ListItem","position":2,"name":"Virtual Field Trips","item":"https:\/\/agexplorer.ffa.org\/virtual-field-trips\/"},{"@type":"ListItem","position":3,"name":"Beyond the Sale: Careers that Deliver"}]},{"@type":"WebSite","@id":"https:\/\/agexplorer.ffa.org\/#website","url":"https:\/\/agexplorer.ffa.org\/","name":"AgExplorer | Organizaci\u00f3n Nacional de la FFA","description":"Encuentra tu futuro en la agricultura","potentialAction":[{"@type":"SearchAction","target":{"@type":"EntryPoint","urlTemplate":"https:\/\/agexplorer.ffa.org\/?s={search_term_string}"},"query-input":{"@type":"PropertyValueSpecification","valueRequired":true,"valueName":"search_term_string"}}],"inLanguage":"es-MX"}]}},"_links":{"self":[{"href":"https:\/\/agexplorer.ffa.org\/es\/wp-json\/wp\/v2\/pages\/1147","targetHints":{"allow":["GET"]}}],"collection":[{"href":"https:\/\/agexplorer.ffa.org\/es\/wp-json\/wp\/v2\/pages"}],"about":[{"href":"https:\/\/agexplorer.ffa.org\/es\/wp-json\/wp\/v2\/types\/page"}],"author":[{"embeddable":true,"href":"https:\/\/agexplorer.ffa.org\/es\/wp-json\/wp\/v2\/users\/3"}],"replies":[{"embeddable":true,"href":"https:\/\/agexplorer.ffa.org\/es\/wp-json\/wp\/v2\/comments?post=1147"}],"version-history":[{"count":2,"href":"https:\/\/agexplorer.ffa.org\/es\/wp-json\/wp\/v2\/pages\/1147\/revisions"}],"predecessor-version":[{"id":3986,"href":"https:\/\/agexplorer.ffa.org\/es\/wp-json\/wp\/v2\/pages\/1147\/revisions\/3986"}],"up":[{"embeddable":true,"href":"https:\/\/agexplorer.ffa.org\/es\/wp-json\/wp\/v2\/pages\/1118"}],"wp:featuredmedia":[{"embeddable":true,"href":"https:\/\/agexplorer.ffa.org\/es\/wp-json\/wp\/v2\/media\/3148"}],"wp:attachment":[{"href":"https:\/\/agexplorer.ffa.org\/es\/wp-json\/wp\/v2\/media?parent=1147"}],"curies":[{"name":"wp","href":"https:\/\/api.w.org\/{rel}","templated":true}]}}