{"id":1145,"date":"2022-10-12T20:45:35","date_gmt":"2022-10-12T20:45:35","guid":{"rendered":"https:\/\/agexplorer.ffa.org\/?page_id=1145"},"modified":"2025-02-03T17:28:21","modified_gmt":"2025-02-03T17:28:21","slug":"john-deere-careers-that-innovate","status":"publish","type":"page","link":"https:\/\/agexplorer.ffa.org\/es\/virtual-field-trips\/john-deere-careers-that-innovate\/","title":{"rendered":"John Deere: Carreras que innovan"},"content":{"rendered":"<p>Realice un recorrido de alta tecnolog\u00eda por las instalaciones de John Deere en Waterloo, Iowa, para ver una gran variedad de apasionantes profesiones relacionadas con el ciclo de vida del producto de los tractores John Deere, desde la ideaci\u00f3n hasta la entrega. Conocer\u00e1 a diversos empleados de John Deere que son fundamentales antes, durante y despu\u00e9s del proceso de fabricaci\u00f3n. Adem\u00e1s, ver\u00e1 c\u00f3mo el \u00e9nfasis en la calidad y el conocimiento del cliente cultivan el \u00e9xito en la fabricaci\u00f3n de los tractores John Deere 8400 de hoy en d\u00eda.<\/p>","protected":false},"excerpt":{"rendered":"<p>Realice un recorrido de alta tecnolog\u00eda por las instalaciones de John Deere en Waterloo, Iowa, para ver una amplia variedad de apasionantes carreras relacionadas con el ciclo de vida del producto de los tractores John Deere, desde la creaci\u00f3n de ideas hasta la fabricaci\u00f3n de productos.<\/p>","protected":false},"author":3,"featured_media":3149,"parent":1118,"menu_order":5,"comment_status":"closed","ping_status":"closed","template":"","meta":{"_acf_changed":false,"footnotes":""},"class_list":["post-1145","page","type-page","status-publish","has-post-thumbnail","hentry"],"acf":[],"yoast_head":"<!-- This site is optimized with the Yoast SEO plugin v27.1.1 - https:\/\/yoast.com\/product\/yoast-seo-wordpress\/ -->\n<title>John Deere: Careers that Innovate - AgExplorer | National FFA Organization<\/title>\n<meta name=\"robots\" content=\"index, follow, max-snippet:-1, max-image-preview:large, max-video-preview:-1\" \/>\n<link rel=\"canonical\" href=\"https:\/\/agexplorer.ffa.org\/es\/virtual-field-trips\/john-deere-careers-that-innovate\/\" \/>\n<meta property=\"og:locale\" content=\"es_MX\" \/>\n<meta property=\"og:type\" content=\"article\" \/>\n<meta property=\"og:title\" content=\"John Deere: Careers that Innovate - AgExplorer | National FFA Organization\" \/>\n<meta property=\"og:description\" content=\"Take a high-tech tour of a John Deere facility in Waterloo, Iowa to see a breadth of exciting careers involved in the product lifecycle of John Deere tractors, from ideation\" \/>\n<meta property=\"og:url\" content=\"https:\/\/agexplorer.ffa.org\/es\/virtual-field-trips\/john-deere-careers-that-innovate\/\" \/>\n<meta property=\"og:site_name\" content=\"AgExplorer | National FFA Organization\" \/>\n<meta property=\"article:modified_time\" content=\"2025-02-03T17:28:21+00:00\" \/>\n<meta property=\"og:image\" content=\"https:\/\/agexplorer.ffa.org\/wp-content\/uploads\/2023\/04\/agex_vft_innovate_560x375.webp\" \/>\n\t<meta property=\"og:image:width\" content=\"560\" \/>\n\t<meta property=\"og:image:height\" content=\"375\" \/>\n\t<meta property=\"og:image:type\" content=\"image\/webp\" \/>\n<meta name=\"twitter:card\" content=\"summary_large_image\" \/>\n<meta name=\"twitter:label1\" content=\"Est. reading time\" \/>\n\t<meta name=\"twitter:data1\" content=\"1 minuto\" \/>\n<script type=\"application\/ld+json\" class=\"yoast-schema-graph\">{\"@context\":\"https:\/\/schema.org\",\"@graph\":[{\"@type\":\"WebPage\",\"@id\":\"https:\/\/agexplorer.ffa.org\/virtual-field-trips\/john-deere-careers-that-innovate\/\",\"url\":\"https:\/\/agexplorer.ffa.org\/virtual-field-trips\/john-deere-careers-that-innovate\/\",\"name\":\"John Deere: Careers that Innovate - AgExplorer | National FFA Organization\",\"isPartOf\":{\"@id\":\"https:\/\/agexplorer.ffa.org\/#website\"},\"primaryImageOfPage\":{\"@id\":\"https:\/\/agexplorer.ffa.org\/virtual-field-trips\/john-deere-careers-that-innovate\/#primaryimage\"},\"image\":{\"@id\":\"https:\/\/agexplorer.ffa.org\/virtual-field-trips\/john-deere-careers-that-innovate\/#primaryimage\"},\"thumbnailUrl\":\"https:\/\/agexplorer.ffa.org\/wp-content\/uploads\/2023\/04\/agex_vft_innovate_560x375.webp\",\"datePublished\":\"2022-10-12T20:45:35+00:00\",\"dateModified\":\"2025-02-03T17:28:21+00:00\",\"breadcrumb\":{\"@id\":\"https:\/\/agexplorer.ffa.org\/virtual-field-trips\/john-deere-careers-that-innovate\/#breadcrumb\"},\"inLanguage\":\"es-MX\",\"potentialAction\":[{\"@type\":\"ReadAction\",\"target\":[\"https:\/\/agexplorer.ffa.org\/virtual-field-trips\/john-deere-careers-that-innovate\/\"]}]},{\"@type\":\"ImageObject\",\"inLanguage\":\"es-MX\",\"@id\":\"https:\/\/agexplorer.ffa.org\/virtual-field-trips\/john-deere-careers-that-innovate\/#primaryimage\",\"url\":\"https:\/\/agexplorer.ffa.org\/wp-content\/uploads\/2023\/04\/agex_vft_innovate_560x375.webp\",\"contentUrl\":\"https:\/\/agexplorer.ffa.org\/wp-content\/uploads\/2023\/04\/agex_vft_innovate_560x375.webp\",\"width\":560,\"height\":375,\"caption\":\"AgExplorer\"},{\"@type\":\"BreadcrumbList\",\"@id\":\"https:\/\/agexplorer.ffa.org\/virtual-field-trips\/john-deere-careers-that-innovate\/#breadcrumb\",\"itemListElement\":[{\"@type\":\"ListItem\",\"position\":1,\"name\":\"Home\",\"item\":\"https:\/\/agexplorer.ffa.org\/\"},{\"@type\":\"ListItem\",\"position\":2,\"name\":\"Virtual Field Trips\",\"item\":\"https:\/\/agexplorer.ffa.org\/virtual-field-trips\/\"},{\"@type\":\"ListItem\",\"position\":3,\"name\":\"John Deere: Careers that Innovate\"}]},{\"@type\":\"WebSite\",\"@id\":\"https:\/\/agexplorer.ffa.org\/#website\",\"url\":\"https:\/\/agexplorer.ffa.org\/\",\"name\":\"AgExplorer | National FFA Organization\",\"description\":\"Find your Future in Agriculture\",\"potentialAction\":[{\"@type\":\"SearchAction\",\"target\":{\"@type\":\"EntryPoint\",\"urlTemplate\":\"https:\/\/agexplorer.ffa.org\/?s={search_term_string}\"},\"query-input\":{\"@type\":\"PropertyValueSpecification\",\"valueRequired\":true,\"valueName\":\"search_term_string\"}}],\"inLanguage\":\"es-MX\"}]}<\/script>\n<!-- \/ Yoast SEO plugin. -->","yoast_head_json":{"title":"John Deere: Carreras profesionales que innovan - AgExplorer | Organizaci\u00f3n Nacional FFA","robots":{"index":"index","follow":"follow","max-snippet":"max-snippet:-1","max-image-preview":"max-image-preview:large","max-video-preview":"max-video-preview:-1"},"canonical":"https:\/\/agexplorer.ffa.org\/es\/virtual-field-trips\/john-deere-careers-that-innovate\/","og_locale":"es_MX","og_type":"article","og_title":"John Deere: Careers that Innovate - AgExplorer | National FFA Organization","og_description":"Take a high-tech tour of a John Deere facility in Waterloo, Iowa to see a breadth of exciting careers involved in the product lifecycle of John Deere tractors, from ideation","og_url":"https:\/\/agexplorer.ffa.org\/es\/virtual-field-trips\/john-deere-careers-that-innovate\/","og_site_name":"AgExplorer | National FFA Organization","article_modified_time":"2025-02-03T17:28:21+00:00","og_image":[{"width":560,"height":375,"url":"https:\/\/agexplorer.ffa.org\/wp-content\/uploads\/2023\/04\/agex_vft_innovate_560x375.webp","type":"image\/webp"}],"twitter_card":"summary_large_image","twitter_misc":{"Est. reading time":"1 minuto"},"schema":{"@context":"https:\/\/schema.org","@graph":[{"@type":"WebPage","@id":"https:\/\/agexplorer.ffa.org\/virtual-field-trips\/john-deere-careers-that-innovate\/","url":"https:\/\/agexplorer.ffa.org\/virtual-field-trips\/john-deere-careers-that-innovate\/","name":"John Deere: Carreras profesionales que innovan - AgExplorer | Organizaci\u00f3n Nacional FFA","isPartOf":{"@id":"https:\/\/agexplorer.ffa.org\/#website"},"primaryImageOfPage":{"@id":"https:\/\/agexplorer.ffa.org\/virtual-field-trips\/john-deere-careers-that-innovate\/#primaryimage"},"image":{"@id":"https:\/\/agexplorer.ffa.org\/virtual-field-trips\/john-deere-careers-that-innovate\/#primaryimage"},"thumbnailUrl":"https:\/\/agexplorer.ffa.org\/wp-content\/uploads\/2023\/04\/agex_vft_innovate_560x375.webp","datePublished":"2022-10-12T20:45:35+00:00","dateModified":"2025-02-03T17:28:21+00:00","breadcrumb":{"@id":"https:\/\/agexplorer.ffa.org\/virtual-field-trips\/john-deere-careers-that-innovate\/#breadcrumb"},"inLanguage":"es-MX","potentialAction":[{"@type":"ReadAction","target":["https:\/\/agexplorer.ffa.org\/virtual-field-trips\/john-deere-careers-that-innovate\/"]}]},{"@type":"ImageObject","inLanguage":"es-MX","@id":"https:\/\/agexplorer.ffa.org\/virtual-field-trips\/john-deere-careers-that-innovate\/#primaryimage","url":"https:\/\/agexplorer.ffa.org\/wp-content\/uploads\/2023\/04\/agex_vft_innovate_560x375.webp","contentUrl":"https:\/\/agexplorer.ffa.org\/wp-content\/uploads\/2023\/04\/agex_vft_innovate_560x375.webp","width":560,"height":375,"caption":"AgExplorer"},{"@type":"BreadcrumbList","@id":"https:\/\/agexplorer.ffa.org\/virtual-field-trips\/john-deere-careers-that-innovate\/#breadcrumb","itemListElement":[{"@type":"ListItem","position":1,"name":"Home","item":"https:\/\/agexplorer.ffa.org\/"},{"@type":"ListItem","position":2,"name":"Virtual Field Trips","item":"https:\/\/agexplorer.ffa.org\/virtual-field-trips\/"},{"@type":"ListItem","position":3,"name":"John Deere: Careers that Innovate"}]},{"@type":"WebSite","@id":"https:\/\/agexplorer.ffa.org\/#website","url":"https:\/\/agexplorer.ffa.org\/","name":"AgExplorer | Organizaci\u00f3n Nacional de la FFA","description":"Encuentra tu futuro en la agricultura","potentialAction":[{"@type":"SearchAction","target":{"@type":"EntryPoint","urlTemplate":"https:\/\/agexplorer.ffa.org\/?s={search_term_string}"},"query-input":{"@type":"PropertyValueSpecification","valueRequired":true,"valueName":"search_term_string"}}],"inLanguage":"es-MX"}]}},"_links":{"self":[{"href":"https:\/\/agexplorer.ffa.org\/es\/wp-json\/wp\/v2\/pages\/1145","targetHints":{"allow":["GET"]}}],"collection":[{"href":"https:\/\/agexplorer.ffa.org\/es\/wp-json\/wp\/v2\/pages"}],"about":[{"href":"https:\/\/agexplorer.ffa.org\/es\/wp-json\/wp\/v2\/types\/page"}],"author":[{"embeddable":true,"href":"https:\/\/agexplorer.ffa.org\/es\/wp-json\/wp\/v2\/users\/3"}],"replies":[{"embeddable":true,"href":"https:\/\/agexplorer.ffa.org\/es\/wp-json\/wp\/v2\/comments?post=1145"}],"version-history":[{"count":1,"href":"https:\/\/agexplorer.ffa.org\/es\/wp-json\/wp\/v2\/pages\/1145\/revisions"}],"predecessor-version":[{"id":3787,"href":"https:\/\/agexplorer.ffa.org\/es\/wp-json\/wp\/v2\/pages\/1145\/revisions\/3787"}],"up":[{"embeddable":true,"href":"https:\/\/agexplorer.ffa.org\/es\/wp-json\/wp\/v2\/pages\/1118"}],"wp:featuredmedia":[{"embeddable":true,"href":"https:\/\/agexplorer.ffa.org\/es\/wp-json\/wp\/v2\/media\/3149"}],"wp:attachment":[{"href":"https:\/\/agexplorer.ffa.org\/es\/wp-json\/wp\/v2\/media?parent=1145"}],"curies":[{"name":"wp","href":"https:\/\/api.w.org\/{rel}","templated":true}]}}