{"id":1143,"date":"2022-10-12T20:44:47","date_gmt":"2022-10-12T20:44:47","guid":{"rendered":"https:\/\/agexplorer.ffa.org\/?page_id=1143"},"modified":"2025-02-03T17:29:57","modified_gmt":"2025-02-03T17:29:57","slug":"stem-careers-improving-animal-health","status":"publish","type":"page","link":"https:\/\/agexplorer.ffa.org\/es\/virtual-field-trips\/stem-careers-improving-animal-health\/","title":{"rendered":"Carreras STEM para mejorar la salud animal"},"content":{"rendered":"<p>Echa un vistazo a las carreras que se encuentran en Zoetis, una compa\u00f1\u00eda global de salud animal que proporciona medicamentos, vacunas y una amplia gama de servicios a los veterinarios, ganaderos y otras personas que cuidan de los animales de granja y de compa\u00f1\u00eda. Vea esta excursi\u00f3n virtual hoy mismo para aprender sobre una variedad de carreras STEM que son cruciales para resolver los desaf\u00edos del mundo real para mejorar la salud animal.<\/p>","protected":false},"excerpt":{"rendered":"<p>Eche un vistazo a las carreras profesionales de Zoetis, una empresa mundial de salud animal que suministra medicamentos, vacunas y una amplia gama de servicios a veterinarios, ganaderos y otros profesionales.<\/p>","protected":false},"author":3,"featured_media":3150,"parent":1118,"menu_order":6,"comment_status":"closed","ping_status":"closed","template":"","meta":{"_acf_changed":false,"footnotes":""},"class_list":["post-1143","page","type-page","status-publish","has-post-thumbnail","hentry"],"acf":[],"yoast_head":"<!-- This site is optimized with the Yoast SEO plugin v27.4 - https:\/\/yoast.com\/product\/yoast-seo-wordpress\/ -->\n<title>STEM Careers Improving Animal Health - AgExplorer | National FFA Organization<\/title>\n<meta name=\"robots\" content=\"index, follow, max-snippet:-1, max-image-preview:large, max-video-preview:-1\" \/>\n<link rel=\"canonical\" href=\"http:\/\/agexplorer.ffa.org\/es\/virtual-field-trips\/stem-careers-improving-animal-health\/\" \/>\n<meta property=\"og:locale\" content=\"es_MX\" \/>\n<meta property=\"og:type\" content=\"article\" \/>\n<meta property=\"og:title\" content=\"STEM Careers Improving Animal Health - AgExplorer | National FFA Organization\" \/>\n<meta property=\"og:description\" content=\"Get a look into the careers found at Zoetis, a global animal health company who provides medicines, vaccines, and a wide range of services to veterinarians, livestock producers, and others\" \/>\n<meta property=\"og:url\" content=\"http:\/\/agexplorer.ffa.org\/es\/virtual-field-trips\/stem-careers-improving-animal-health\/\" \/>\n<meta property=\"og:site_name\" content=\"AgExplorer | National FFA Organization\" \/>\n<meta property=\"article:modified_time\" content=\"2025-02-03T17:29:57+00:00\" \/>\n<meta property=\"og:image\" content=\"http:\/\/agexplorer.ffa.org\/wp-content\/uploads\/2023\/04\/agex_vft_stem_560x375.webp\" \/>\n\t<meta property=\"og:image:width\" content=\"560\" \/>\n\t<meta property=\"og:image:height\" content=\"375\" \/>\n\t<meta property=\"og:image:type\" content=\"image\/webp\" \/>\n<meta name=\"twitter:card\" content=\"summary_large_image\" \/>\n<meta name=\"twitter:label1\" content=\"Est. reading time\" \/>\n\t<meta name=\"twitter:data1\" content=\"1 minuto\" \/>\n<script type=\"application\/ld+json\" class=\"yoast-schema-graph\">{\"@context\":\"https:\\\/\\\/schema.org\",\"@graph\":[{\"@type\":\"WebPage\",\"@id\":\"http:\\\/\\\/agexplorer.ffa.org\\\/virtual-field-trips\\\/stem-careers-improving-animal-health\\\/\",\"url\":\"http:\\\/\\\/agexplorer.ffa.org\\\/virtual-field-trips\\\/stem-careers-improving-animal-health\\\/\",\"name\":\"STEM Careers Improving Animal Health - AgExplorer | National FFA Organization\",\"isPartOf\":{\"@id\":\"https:\\\/\\\/agexplorer.ffa.org\\\/#website\"},\"primaryImageOfPage\":{\"@id\":\"http:\\\/\\\/agexplorer.ffa.org\\\/virtual-field-trips\\\/stem-careers-improving-animal-health\\\/#primaryimage\"},\"image\":{\"@id\":\"http:\\\/\\\/agexplorer.ffa.org\\\/virtual-field-trips\\\/stem-careers-improving-animal-health\\\/#primaryimage\"},\"thumbnailUrl\":\"https:\\\/\\\/agexplorer.ffa.org\\\/wp-content\\\/uploads\\\/2023\\\/04\\\/agex_vft_stem_560x375.webp\",\"datePublished\":\"2022-10-12T20:44:47+00:00\",\"dateModified\":\"2025-02-03T17:29:57+00:00\",\"breadcrumb\":{\"@id\":\"http:\\\/\\\/agexplorer.ffa.org\\\/virtual-field-trips\\\/stem-careers-improving-animal-health\\\/#breadcrumb\"},\"inLanguage\":\"es-MX\",\"potentialAction\":[{\"@type\":\"ReadAction\",\"target\":[\"http:\\\/\\\/agexplorer.ffa.org\\\/virtual-field-trips\\\/stem-careers-improving-animal-health\\\/\"]}]},{\"@type\":\"ImageObject\",\"inLanguage\":\"es-MX\",\"@id\":\"http:\\\/\\\/agexplorer.ffa.org\\\/virtual-field-trips\\\/stem-careers-improving-animal-health\\\/#primaryimage\",\"url\":\"https:\\\/\\\/agexplorer.ffa.org\\\/wp-content\\\/uploads\\\/2023\\\/04\\\/agex_vft_stem_560x375.webp\",\"contentUrl\":\"https:\\\/\\\/agexplorer.ffa.org\\\/wp-content\\\/uploads\\\/2023\\\/04\\\/agex_vft_stem_560x375.webp\",\"width\":560,\"height\":375,\"caption\":\"AgExplorer\"},{\"@type\":\"BreadcrumbList\",\"@id\":\"http:\\\/\\\/agexplorer.ffa.org\\\/virtual-field-trips\\\/stem-careers-improving-animal-health\\\/#breadcrumb\",\"itemListElement\":[{\"@type\":\"ListItem\",\"position\":1,\"name\":\"Home\",\"item\":\"https:\\\/\\\/agexplorer.ffa.org\\\/\"},{\"@type\":\"ListItem\",\"position\":2,\"name\":\"Virtual Field Trips\",\"item\":\"https:\\\/\\\/agexplorer.ffa.org\\\/virtual-field-trips\\\/\"},{\"@type\":\"ListItem\",\"position\":3,\"name\":\"STEM Careers Improving Animal Health\"}]},{\"@type\":\"WebSite\",\"@id\":\"https:\\\/\\\/agexplorer.ffa.org\\\/#website\",\"url\":\"https:\\\/\\\/agexplorer.ffa.org\\\/\",\"name\":\"AgExplorer | National FFA Organization\",\"description\":\"Find your Future in Agriculture\",\"potentialAction\":[{\"@type\":\"SearchAction\",\"target\":{\"@type\":\"EntryPoint\",\"urlTemplate\":\"https:\\\/\\\/agexplorer.ffa.org\\\/?s={search_term_string}\"},\"query-input\":{\"@type\":\"PropertyValueSpecification\",\"valueRequired\":true,\"valueName\":\"search_term_string\"}}],\"inLanguage\":\"es-MX\"}]}<\/script>\n<!-- \/ Yoast SEO plugin. -->","yoast_head_json":{"title":"Carreras STEM que mejoran la sanidad animal - AgExplorer | National FFA Organization","robots":{"index":"index","follow":"follow","max-snippet":"max-snippet:-1","max-image-preview":"max-image-preview:large","max-video-preview":"max-video-preview:-1"},"canonical":"http:\/\/agexplorer.ffa.org\/es\/virtual-field-trips\/stem-careers-improving-animal-health\/","og_locale":"es_MX","og_type":"article","og_title":"STEM Careers Improving Animal Health - AgExplorer | National FFA Organization","og_description":"Get a look into the careers found at Zoetis, a global animal health company who provides medicines, vaccines, and a wide range of services to veterinarians, livestock producers, and others","og_url":"http:\/\/agexplorer.ffa.org\/es\/virtual-field-trips\/stem-careers-improving-animal-health\/","og_site_name":"AgExplorer | National FFA Organization","article_modified_time":"2025-02-03T17:29:57+00:00","og_image":[{"width":560,"height":375,"url":"http:\/\/agexplorer.ffa.org\/wp-content\/uploads\/2023\/04\/agex_vft_stem_560x375.webp","type":"image\/webp"}],"twitter_card":"summary_large_image","twitter_misc":{"Est. reading time":"1 minuto"},"schema":{"@context":"https:\/\/schema.org","@graph":[{"@type":"WebPage","@id":"http:\/\/agexplorer.ffa.org\/virtual-field-trips\/stem-careers-improving-animal-health\/","url":"http:\/\/agexplorer.ffa.org\/virtual-field-trips\/stem-careers-improving-animal-health\/","name":"Carreras STEM que mejoran la sanidad animal - AgExplorer | National FFA Organization","isPartOf":{"@id":"https:\/\/agexplorer.ffa.org\/#website"},"primaryImageOfPage":{"@id":"http:\/\/agexplorer.ffa.org\/virtual-field-trips\/stem-careers-improving-animal-health\/#primaryimage"},"image":{"@id":"http:\/\/agexplorer.ffa.org\/virtual-field-trips\/stem-careers-improving-animal-health\/#primaryimage"},"thumbnailUrl":"https:\/\/agexplorer.ffa.org\/wp-content\/uploads\/2023\/04\/agex_vft_stem_560x375.webp","datePublished":"2022-10-12T20:44:47+00:00","dateModified":"2025-02-03T17:29:57+00:00","breadcrumb":{"@id":"http:\/\/agexplorer.ffa.org\/virtual-field-trips\/stem-careers-improving-animal-health\/#breadcrumb"},"inLanguage":"es-MX","potentialAction":[{"@type":"ReadAction","target":["http:\/\/agexplorer.ffa.org\/virtual-field-trips\/stem-careers-improving-animal-health\/"]}]},{"@type":"ImageObject","inLanguage":"es-MX","@id":"http:\/\/agexplorer.ffa.org\/virtual-field-trips\/stem-careers-improving-animal-health\/#primaryimage","url":"https:\/\/agexplorer.ffa.org\/wp-content\/uploads\/2023\/04\/agex_vft_stem_560x375.webp","contentUrl":"https:\/\/agexplorer.ffa.org\/wp-content\/uploads\/2023\/04\/agex_vft_stem_560x375.webp","width":560,"height":375,"caption":"AgExplorer"},{"@type":"BreadcrumbList","@id":"http:\/\/agexplorer.ffa.org\/virtual-field-trips\/stem-careers-improving-animal-health\/#breadcrumb","itemListElement":[{"@type":"ListItem","position":1,"name":"Home","item":"https:\/\/agexplorer.ffa.org\/"},{"@type":"ListItem","position":2,"name":"Virtual Field Trips","item":"https:\/\/agexplorer.ffa.org\/virtual-field-trips\/"},{"@type":"ListItem","position":3,"name":"STEM Careers Improving Animal Health"}]},{"@type":"WebSite","@id":"https:\/\/agexplorer.ffa.org\/#website","url":"https:\/\/agexplorer.ffa.org\/","name":"AgExplorer | Organizaci\u00f3n Nacional de la FFA","description":"Encuentra tu futuro en la agricultura","potentialAction":[{"@type":"SearchAction","target":{"@type":"EntryPoint","urlTemplate":"https:\/\/agexplorer.ffa.org\/?s={search_term_string}"},"query-input":{"@type":"PropertyValueSpecification","valueRequired":true,"valueName":"search_term_string"}}],"inLanguage":"es-MX"}]}},"_links":{"self":[{"href":"https:\/\/agexplorer.ffa.org\/es\/wp-json\/wp\/v2\/pages\/1143","targetHints":{"allow":["GET"]}}],"collection":[{"href":"https:\/\/agexplorer.ffa.org\/es\/wp-json\/wp\/v2\/pages"}],"about":[{"href":"https:\/\/agexplorer.ffa.org\/es\/wp-json\/wp\/v2\/types\/page"}],"author":[{"embeddable":true,"href":"https:\/\/agexplorer.ffa.org\/es\/wp-json\/wp\/v2\/users\/3"}],"replies":[{"embeddable":true,"href":"https:\/\/agexplorer.ffa.org\/es\/wp-json\/wp\/v2\/comments?post=1143"}],"version-history":[{"count":1,"href":"https:\/\/agexplorer.ffa.org\/es\/wp-json\/wp\/v2\/pages\/1143\/revisions"}],"predecessor-version":[{"id":3788,"href":"https:\/\/agexplorer.ffa.org\/es\/wp-json\/wp\/v2\/pages\/1143\/revisions\/3788"}],"up":[{"embeddable":true,"href":"https:\/\/agexplorer.ffa.org\/es\/wp-json\/wp\/v2\/pages\/1118"}],"wp:featuredmedia":[{"embeddable":true,"href":"https:\/\/agexplorer.ffa.org\/es\/wp-json\/wp\/v2\/media\/3150"}],"wp:attachment":[{"href":"https:\/\/agexplorer.ffa.org\/es\/wp-json\/wp\/v2\/media?parent=1143"}],"curies":[{"name":"wp","href":"https:\/\/api.w.org\/{rel}","templated":true}]}}