{"id":1141,"date":"2022-10-12T20:43:56","date_gmt":"2022-10-12T20:43:56","guid":{"rendered":"https:\/\/agexplorer.ffa.org\/?page_id=1141"},"modified":"2025-02-03T17:08:06","modified_gmt":"2025-02-03T17:08:06","slug":"technology-in-agriculture-feeding-the-growing-globe","status":"publish","type":"page","link":"https:\/\/agexplorer.ffa.org\/es\/virtual-field-trips\/technology-in-agriculture-feeding-the-growing-globe\/","title":{"rendered":"La tecnolog\u00eda en la agricultura: Alimentar al mundo en crecimiento"},"content":{"rendered":"<p>Uno de los mayores retos del siglo XXI ser\u00e1 alimentar de forma sostenible a una poblaci\u00f3n mundial cada vez mayor, con tierras y agua dulce limitadas. Realice una visita virtual al Centro de Investigaci\u00f3n y Desarrollo de Syngenta en Research Triangle Park, Raleigh, Carolina del Norte, y descubra c\u00f3mo la anal\u00edtica, la qu\u00edmica, la agronom\u00eda y la biolog\u00eda est\u00e1n revolucionando la forma de cultivar alimentos para ayudar a afrontar este reto.<\/p>","protected":false},"excerpt":{"rendered":"<p>Uno de los mayores retos del siglo XXI ser\u00e1 alimentar de forma sostenible a una poblaci\u00f3n mundial en aumento, con tierras y agua dulce limitadas. Haga un recorrido virtual<\/p>","protected":false},"author":3,"featured_media":3151,"parent":1118,"menu_order":7,"comment_status":"closed","ping_status":"closed","template":"","meta":{"_acf_changed":false,"footnotes":""},"class_list":["post-1141","page","type-page","status-publish","has-post-thumbnail","hentry"],"acf":[],"yoast_head":"<!-- This site is optimized with the Yoast SEO plugin v27.3 - https:\/\/yoast.com\/product\/yoast-seo-wordpress\/ -->\n<title>Technology in Agriculture: Feeding the Growing Globe - AgExplorer | National FFA Organization<\/title>\n<meta name=\"robots\" content=\"index, follow, max-snippet:-1, max-image-preview:large, max-video-preview:-1\" \/>\n<link rel=\"canonical\" href=\"http:\/\/agexplorer.ffa.org\/es\/virtual-field-trips\/technology-in-agriculture-feeding-the-growing-globe\/\" \/>\n<meta property=\"og:locale\" content=\"es_MX\" \/>\n<meta property=\"og:type\" content=\"article\" \/>\n<meta property=\"og:title\" content=\"Technology in Agriculture: Feeding the Growing Globe - AgExplorer | National FFA Organization\" \/>\n<meta property=\"og:description\" content=\"One of the greatest challenges of the 21st century will be feeding a growing world population in a sustainable way, with limited land and fresh water. Take a virtual field\" \/>\n<meta property=\"og:url\" content=\"http:\/\/agexplorer.ffa.org\/es\/virtual-field-trips\/technology-in-agriculture-feeding-the-growing-globe\/\" \/>\n<meta property=\"og:site_name\" content=\"AgExplorer | National FFA Organization\" \/>\n<meta property=\"article:modified_time\" content=\"2025-02-03T17:08:06+00:00\" \/>\n<meta property=\"og:image\" content=\"http:\/\/agexplorer.ffa.org\/wp-content\/uploads\/2023\/04\/agex_vft_technology_560x375.webp\" \/>\n\t<meta property=\"og:image:width\" content=\"560\" \/>\n\t<meta property=\"og:image:height\" content=\"375\" \/>\n\t<meta property=\"og:image:type\" content=\"image\/webp\" \/>\n<meta name=\"twitter:card\" content=\"summary_large_image\" \/>\n<meta name=\"twitter:label1\" content=\"Est. reading time\" \/>\n\t<meta name=\"twitter:data1\" content=\"1 minuto\" \/>\n<script type=\"application\/ld+json\" class=\"yoast-schema-graph\">{\"@context\":\"https:\\\/\\\/schema.org\",\"@graph\":[{\"@type\":\"WebPage\",\"@id\":\"http:\\\/\\\/agexplorer.ffa.org\\\/virtual-field-trips\\\/technology-in-agriculture-feeding-the-growing-globe\\\/\",\"url\":\"http:\\\/\\\/agexplorer.ffa.org\\\/virtual-field-trips\\\/technology-in-agriculture-feeding-the-growing-globe\\\/\",\"name\":\"Technology in Agriculture: Feeding the Growing Globe - AgExplorer | National FFA Organization\",\"isPartOf\":{\"@id\":\"https:\\\/\\\/agexplorer.ffa.org\\\/#website\"},\"primaryImageOfPage\":{\"@id\":\"http:\\\/\\\/agexplorer.ffa.org\\\/virtual-field-trips\\\/technology-in-agriculture-feeding-the-growing-globe\\\/#primaryimage\"},\"image\":{\"@id\":\"http:\\\/\\\/agexplorer.ffa.org\\\/virtual-field-trips\\\/technology-in-agriculture-feeding-the-growing-globe\\\/#primaryimage\"},\"thumbnailUrl\":\"https:\\\/\\\/agexplorer.ffa.org\\\/wp-content\\\/uploads\\\/2023\\\/04\\\/agex_vft_technology_560x375.webp\",\"datePublished\":\"2022-10-12T20:43:56+00:00\",\"dateModified\":\"2025-02-03T17:08:06+00:00\",\"breadcrumb\":{\"@id\":\"http:\\\/\\\/agexplorer.ffa.org\\\/virtual-field-trips\\\/technology-in-agriculture-feeding-the-growing-globe\\\/#breadcrumb\"},\"inLanguage\":\"es-MX\",\"potentialAction\":[{\"@type\":\"ReadAction\",\"target\":[\"http:\\\/\\\/agexplorer.ffa.org\\\/virtual-field-trips\\\/technology-in-agriculture-feeding-the-growing-globe\\\/\"]}]},{\"@type\":\"ImageObject\",\"inLanguage\":\"es-MX\",\"@id\":\"http:\\\/\\\/agexplorer.ffa.org\\\/virtual-field-trips\\\/technology-in-agriculture-feeding-the-growing-globe\\\/#primaryimage\",\"url\":\"https:\\\/\\\/agexplorer.ffa.org\\\/wp-content\\\/uploads\\\/2023\\\/04\\\/agex_vft_technology_560x375.webp\",\"contentUrl\":\"https:\\\/\\\/agexplorer.ffa.org\\\/wp-content\\\/uploads\\\/2023\\\/04\\\/agex_vft_technology_560x375.webp\",\"width\":560,\"height\":375,\"caption\":\"AgExplorer\"},{\"@type\":\"BreadcrumbList\",\"@id\":\"http:\\\/\\\/agexplorer.ffa.org\\\/virtual-field-trips\\\/technology-in-agriculture-feeding-the-growing-globe\\\/#breadcrumb\",\"itemListElement\":[{\"@type\":\"ListItem\",\"position\":1,\"name\":\"Home\",\"item\":\"https:\\\/\\\/agexplorer.ffa.org\\\/\"},{\"@type\":\"ListItem\",\"position\":2,\"name\":\"Virtual Field Trips\",\"item\":\"https:\\\/\\\/agexplorer.ffa.org\\\/virtual-field-trips\\\/\"},{\"@type\":\"ListItem\",\"position\":3,\"name\":\"Technology in Agriculture: Feeding the Growing Globe\"}]},{\"@type\":\"WebSite\",\"@id\":\"https:\\\/\\\/agexplorer.ffa.org\\\/#website\",\"url\":\"https:\\\/\\\/agexplorer.ffa.org\\\/\",\"name\":\"AgExplorer | National FFA Organization\",\"description\":\"Find your Future in Agriculture\",\"potentialAction\":[{\"@type\":\"SearchAction\",\"target\":{\"@type\":\"EntryPoint\",\"urlTemplate\":\"https:\\\/\\\/agexplorer.ffa.org\\\/?s={search_term_string}\"},\"query-input\":{\"@type\":\"PropertyValueSpecification\",\"valueRequired\":true,\"valueName\":\"search_term_string\"}}],\"inLanguage\":\"es-MX\"}]}<\/script>\n<!-- \/ Yoast SEO plugin. -->","yoast_head_json":{"title":"Technology in Agriculture: Feeding the Growing Globe - AgExplorer | National FFA Organization","robots":{"index":"index","follow":"follow","max-snippet":"max-snippet:-1","max-image-preview":"max-image-preview:large","max-video-preview":"max-video-preview:-1"},"canonical":"http:\/\/agexplorer.ffa.org\/es\/virtual-field-trips\/technology-in-agriculture-feeding-the-growing-globe\/","og_locale":"es_MX","og_type":"article","og_title":"Technology in Agriculture: Feeding the Growing Globe - AgExplorer | National FFA Organization","og_description":"One of the greatest challenges of the 21st century will be feeding a growing world population in a sustainable way, with limited land and fresh water. Take a virtual field","og_url":"http:\/\/agexplorer.ffa.org\/es\/virtual-field-trips\/technology-in-agriculture-feeding-the-growing-globe\/","og_site_name":"AgExplorer | National FFA Organization","article_modified_time":"2025-02-03T17:08:06+00:00","og_image":[{"width":560,"height":375,"url":"http:\/\/agexplorer.ffa.org\/wp-content\/uploads\/2023\/04\/agex_vft_technology_560x375.webp","type":"image\/webp"}],"twitter_card":"summary_large_image","twitter_misc":{"Est. reading time":"1 minuto"},"schema":{"@context":"https:\/\/schema.org","@graph":[{"@type":"WebPage","@id":"http:\/\/agexplorer.ffa.org\/virtual-field-trips\/technology-in-agriculture-feeding-the-growing-globe\/","url":"http:\/\/agexplorer.ffa.org\/virtual-field-trips\/technology-in-agriculture-feeding-the-growing-globe\/","name":"Technology in Agriculture: Feeding the Growing Globe - AgExplorer | National FFA Organization","isPartOf":{"@id":"https:\/\/agexplorer.ffa.org\/#website"},"primaryImageOfPage":{"@id":"http:\/\/agexplorer.ffa.org\/virtual-field-trips\/technology-in-agriculture-feeding-the-growing-globe\/#primaryimage"},"image":{"@id":"http:\/\/agexplorer.ffa.org\/virtual-field-trips\/technology-in-agriculture-feeding-the-growing-globe\/#primaryimage"},"thumbnailUrl":"https:\/\/agexplorer.ffa.org\/wp-content\/uploads\/2023\/04\/agex_vft_technology_560x375.webp","datePublished":"2022-10-12T20:43:56+00:00","dateModified":"2025-02-03T17:08:06+00:00","breadcrumb":{"@id":"http:\/\/agexplorer.ffa.org\/virtual-field-trips\/technology-in-agriculture-feeding-the-growing-globe\/#breadcrumb"},"inLanguage":"es-MX","potentialAction":[{"@type":"ReadAction","target":["http:\/\/agexplorer.ffa.org\/virtual-field-trips\/technology-in-agriculture-feeding-the-growing-globe\/"]}]},{"@type":"ImageObject","inLanguage":"es-MX","@id":"http:\/\/agexplorer.ffa.org\/virtual-field-trips\/technology-in-agriculture-feeding-the-growing-globe\/#primaryimage","url":"https:\/\/agexplorer.ffa.org\/wp-content\/uploads\/2023\/04\/agex_vft_technology_560x375.webp","contentUrl":"https:\/\/agexplorer.ffa.org\/wp-content\/uploads\/2023\/04\/agex_vft_technology_560x375.webp","width":560,"height":375,"caption":"AgExplorer"},{"@type":"BreadcrumbList","@id":"http:\/\/agexplorer.ffa.org\/virtual-field-trips\/technology-in-agriculture-feeding-the-growing-globe\/#breadcrumb","itemListElement":[{"@type":"ListItem","position":1,"name":"Home","item":"https:\/\/agexplorer.ffa.org\/"},{"@type":"ListItem","position":2,"name":"Virtual Field Trips","item":"https:\/\/agexplorer.ffa.org\/virtual-field-trips\/"},{"@type":"ListItem","position":3,"name":"Technology in Agriculture: Feeding the Growing Globe"}]},{"@type":"WebSite","@id":"https:\/\/agexplorer.ffa.org\/#website","url":"https:\/\/agexplorer.ffa.org\/","name":"AgExplorer | Organizaci\u00f3n Nacional de la FFA","description":"Encuentra tu futuro en la agricultura","potentialAction":[{"@type":"SearchAction","target":{"@type":"EntryPoint","urlTemplate":"https:\/\/agexplorer.ffa.org\/?s={search_term_string}"},"query-input":{"@type":"PropertyValueSpecification","valueRequired":true,"valueName":"search_term_string"}}],"inLanguage":"es-MX"}]}},"_links":{"self":[{"href":"https:\/\/agexplorer.ffa.org\/es\/wp-json\/wp\/v2\/pages\/1141","targetHints":{"allow":["GET"]}}],"collection":[{"href":"https:\/\/agexplorer.ffa.org\/es\/wp-json\/wp\/v2\/pages"}],"about":[{"href":"https:\/\/agexplorer.ffa.org\/es\/wp-json\/wp\/v2\/types\/page"}],"author":[{"embeddable":true,"href":"https:\/\/agexplorer.ffa.org\/es\/wp-json\/wp\/v2\/users\/3"}],"replies":[{"embeddable":true,"href":"https:\/\/agexplorer.ffa.org\/es\/wp-json\/wp\/v2\/comments?post=1141"}],"version-history":[{"count":1,"href":"https:\/\/agexplorer.ffa.org\/es\/wp-json\/wp\/v2\/pages\/1141\/revisions"}],"predecessor-version":[{"id":3786,"href":"https:\/\/agexplorer.ffa.org\/es\/wp-json\/wp\/v2\/pages\/1141\/revisions\/3786"}],"up":[{"embeddable":true,"href":"https:\/\/agexplorer.ffa.org\/es\/wp-json\/wp\/v2\/pages\/1118"}],"wp:featuredmedia":[{"embeddable":true,"href":"https:\/\/agexplorer.ffa.org\/es\/wp-json\/wp\/v2\/media\/3151"}],"wp:attachment":[{"href":"https:\/\/agexplorer.ffa.org\/es\/wp-json\/wp\/v2\/media?parent=1141"}],"curies":[{"name":"wp","href":"https:\/\/api.w.org\/{rel}","templated":true}]}}