{"id":1136,"date":"2022-10-12T20:39:57","date_gmt":"2022-10-12T20:39:57","guid":{"rendered":"https:\/\/agexplorer.ffa.org\/?page_id=1136"},"modified":"2025-02-03T17:31:42","modified_gmt":"2025-02-03T17:31:42","slug":"the-science-behind-your-food","status":"publish","type":"page","link":"https:\/\/agexplorer.ffa.org\/es\/virtual-field-trips\/the-science-behind-your-food\/","title":{"rendered":"La ciencia detr\u00e1s de los alimentos"},"content":{"rendered":"<p>Esta excursi\u00f3n virtual te llevar\u00e1 al Centro de Innovaci\u00f3n de Cargill en Wichita (Kansas), donde podr\u00e1s echar un vistazo al mundo de la agricultura y aprender c\u00f3mo las carreras cient\u00edficas y tecnol\u00f3gicas desempe\u00f1an un papel clave a la hora de llevar los alimentos a tu mesa de forma segura y asequible. Escuchar\u00e1 a numerosos empleados de Cargill que representan una variedad de carreras interesantes, desde comercializador de alimentos a cient\u00edfico de alimentos, \u00a1y mucho m\u00e1s!<\/p>","protected":false},"excerpt":{"rendered":"<p>Esta excursi\u00f3n virtual le llevar\u00e1 al Centro de Innovaci\u00f3n de Cargill en Wichita (Kansas), donde podr\u00e1 echar un vistazo al mundo de la agricultura y aprender c\u00f3mo las carreras de ciencias<\/p>","protected":false},"author":3,"featured_media":3153,"parent":1118,"menu_order":9,"comment_status":"closed","ping_status":"closed","template":"","meta":{"_acf_changed":false,"footnotes":""},"class_list":["post-1136","page","type-page","status-publish","has-post-thumbnail","hentry"],"acf":[],"yoast_head":"<!-- This site is optimized with the Yoast SEO plugin v27.3 - https:\/\/yoast.com\/product\/yoast-seo-wordpress\/ -->\n<title>The Science Behind Your Food - AgExplorer | National FFA Organization<\/title>\n<meta name=\"robots\" content=\"index, follow, max-snippet:-1, max-image-preview:large, max-video-preview:-1\" \/>\n<link rel=\"canonical\" href=\"http:\/\/agexplorer.ffa.org\/es\/virtual-field-trips\/the-science-behind-your-food\/\" \/>\n<meta property=\"og:locale\" content=\"es_MX\" \/>\n<meta property=\"og:type\" content=\"article\" \/>\n<meta property=\"og:title\" content=\"The Science Behind Your Food - AgExplorer | National FFA Organization\" \/>\n<meta property=\"og:description\" content=\"This virtual field trip takes you to Cargill\u2019s Innovation Center in Wichita, Kan., where you&#8217;ll get an inside look into the world of agriculture and learn how careers in science\" \/>\n<meta property=\"og:url\" content=\"http:\/\/agexplorer.ffa.org\/es\/virtual-field-trips\/the-science-behind-your-food\/\" \/>\n<meta property=\"og:site_name\" content=\"AgExplorer | National FFA Organization\" \/>\n<meta property=\"article:modified_time\" content=\"2025-02-03T17:31:42+00:00\" \/>\n<meta property=\"og:image\" content=\"http:\/\/agexplorer.ffa.org\/wp-content\/uploads\/2023\/04\/agex_vft_science_560x375.webp\" \/>\n\t<meta property=\"og:image:width\" content=\"560\" \/>\n\t<meta property=\"og:image:height\" content=\"375\" \/>\n\t<meta property=\"og:image:type\" content=\"image\/webp\" \/>\n<meta name=\"twitter:card\" content=\"summary_large_image\" \/>\n<meta name=\"twitter:label1\" content=\"Est. reading time\" \/>\n\t<meta name=\"twitter:data1\" content=\"1 minuto\" \/>\n<script type=\"application\/ld+json\" class=\"yoast-schema-graph\">{\"@context\":\"https:\\\/\\\/schema.org\",\"@graph\":[{\"@type\":\"WebPage\",\"@id\":\"http:\\\/\\\/agexplorer.ffa.org\\\/virtual-field-trips\\\/the-science-behind-your-food\\\/\",\"url\":\"http:\\\/\\\/agexplorer.ffa.org\\\/virtual-field-trips\\\/the-science-behind-your-food\\\/\",\"name\":\"The Science Behind Your Food - AgExplorer | National FFA Organization\",\"isPartOf\":{\"@id\":\"https:\\\/\\\/agexplorer.ffa.org\\\/#website\"},\"primaryImageOfPage\":{\"@id\":\"http:\\\/\\\/agexplorer.ffa.org\\\/virtual-field-trips\\\/the-science-behind-your-food\\\/#primaryimage\"},\"image\":{\"@id\":\"http:\\\/\\\/agexplorer.ffa.org\\\/virtual-field-trips\\\/the-science-behind-your-food\\\/#primaryimage\"},\"thumbnailUrl\":\"https:\\\/\\\/agexplorer.ffa.org\\\/wp-content\\\/uploads\\\/2023\\\/04\\\/agex_vft_science_560x375.webp\",\"datePublished\":\"2022-10-12T20:39:57+00:00\",\"dateModified\":\"2025-02-03T17:31:42+00:00\",\"breadcrumb\":{\"@id\":\"http:\\\/\\\/agexplorer.ffa.org\\\/virtual-field-trips\\\/the-science-behind-your-food\\\/#breadcrumb\"},\"inLanguage\":\"es-MX\",\"potentialAction\":[{\"@type\":\"ReadAction\",\"target\":[\"http:\\\/\\\/agexplorer.ffa.org\\\/virtual-field-trips\\\/the-science-behind-your-food\\\/\"]}]},{\"@type\":\"ImageObject\",\"inLanguage\":\"es-MX\",\"@id\":\"http:\\\/\\\/agexplorer.ffa.org\\\/virtual-field-trips\\\/the-science-behind-your-food\\\/#primaryimage\",\"url\":\"https:\\\/\\\/agexplorer.ffa.org\\\/wp-content\\\/uploads\\\/2023\\\/04\\\/agex_vft_science_560x375.webp\",\"contentUrl\":\"https:\\\/\\\/agexplorer.ffa.org\\\/wp-content\\\/uploads\\\/2023\\\/04\\\/agex_vft_science_560x375.webp\",\"width\":560,\"height\":375,\"caption\":\"AgExplorer\"},{\"@type\":\"BreadcrumbList\",\"@id\":\"http:\\\/\\\/agexplorer.ffa.org\\\/virtual-field-trips\\\/the-science-behind-your-food\\\/#breadcrumb\",\"itemListElement\":[{\"@type\":\"ListItem\",\"position\":1,\"name\":\"Home\",\"item\":\"https:\\\/\\\/agexplorer.ffa.org\\\/\"},{\"@type\":\"ListItem\",\"position\":2,\"name\":\"Virtual Field Trips\",\"item\":\"https:\\\/\\\/agexplorer.ffa.org\\\/virtual-field-trips\\\/\"},{\"@type\":\"ListItem\",\"position\":3,\"name\":\"The Science Behind Your Food\"}]},{\"@type\":\"WebSite\",\"@id\":\"https:\\\/\\\/agexplorer.ffa.org\\\/#website\",\"url\":\"https:\\\/\\\/agexplorer.ffa.org\\\/\",\"name\":\"AgExplorer | National FFA Organization\",\"description\":\"Find your Future in Agriculture\",\"potentialAction\":[{\"@type\":\"SearchAction\",\"target\":{\"@type\":\"EntryPoint\",\"urlTemplate\":\"https:\\\/\\\/agexplorer.ffa.org\\\/?s={search_term_string}\"},\"query-input\":{\"@type\":\"PropertyValueSpecification\",\"valueRequired\":true,\"valueName\":\"search_term_string\"}}],\"inLanguage\":\"es-MX\"}]}<\/script>\n<!-- \/ Yoast SEO plugin. -->","yoast_head_json":{"title":"La ciencia detr\u00e1s de tus alimentos - AgExplorer | National FFA Organization","robots":{"index":"index","follow":"follow","max-snippet":"max-snippet:-1","max-image-preview":"max-image-preview:large","max-video-preview":"max-video-preview:-1"},"canonical":"http:\/\/agexplorer.ffa.org\/es\/virtual-field-trips\/the-science-behind-your-food\/","og_locale":"es_MX","og_type":"article","og_title":"The Science Behind Your Food - AgExplorer | National FFA Organization","og_description":"This virtual field trip takes you to Cargill\u2019s Innovation Center in Wichita, Kan., where you&#8217;ll get an inside look into the world of agriculture and learn how careers in science","og_url":"http:\/\/agexplorer.ffa.org\/es\/virtual-field-trips\/the-science-behind-your-food\/","og_site_name":"AgExplorer | National FFA Organization","article_modified_time":"2025-02-03T17:31:42+00:00","og_image":[{"width":560,"height":375,"url":"http:\/\/agexplorer.ffa.org\/wp-content\/uploads\/2023\/04\/agex_vft_science_560x375.webp","type":"image\/webp"}],"twitter_card":"summary_large_image","twitter_misc":{"Est. reading time":"1 minuto"},"schema":{"@context":"https:\/\/schema.org","@graph":[{"@type":"WebPage","@id":"http:\/\/agexplorer.ffa.org\/virtual-field-trips\/the-science-behind-your-food\/","url":"http:\/\/agexplorer.ffa.org\/virtual-field-trips\/the-science-behind-your-food\/","name":"La ciencia detr\u00e1s de tus alimentos - AgExplorer | National FFA Organization","isPartOf":{"@id":"https:\/\/agexplorer.ffa.org\/#website"},"primaryImageOfPage":{"@id":"http:\/\/agexplorer.ffa.org\/virtual-field-trips\/the-science-behind-your-food\/#primaryimage"},"image":{"@id":"http:\/\/agexplorer.ffa.org\/virtual-field-trips\/the-science-behind-your-food\/#primaryimage"},"thumbnailUrl":"https:\/\/agexplorer.ffa.org\/wp-content\/uploads\/2023\/04\/agex_vft_science_560x375.webp","datePublished":"2022-10-12T20:39:57+00:00","dateModified":"2025-02-03T17:31:42+00:00","breadcrumb":{"@id":"http:\/\/agexplorer.ffa.org\/virtual-field-trips\/the-science-behind-your-food\/#breadcrumb"},"inLanguage":"es-MX","potentialAction":[{"@type":"ReadAction","target":["http:\/\/agexplorer.ffa.org\/virtual-field-trips\/the-science-behind-your-food\/"]}]},{"@type":"ImageObject","inLanguage":"es-MX","@id":"http:\/\/agexplorer.ffa.org\/virtual-field-trips\/the-science-behind-your-food\/#primaryimage","url":"https:\/\/agexplorer.ffa.org\/wp-content\/uploads\/2023\/04\/agex_vft_science_560x375.webp","contentUrl":"https:\/\/agexplorer.ffa.org\/wp-content\/uploads\/2023\/04\/agex_vft_science_560x375.webp","width":560,"height":375,"caption":"AgExplorer"},{"@type":"BreadcrumbList","@id":"http:\/\/agexplorer.ffa.org\/virtual-field-trips\/the-science-behind-your-food\/#breadcrumb","itemListElement":[{"@type":"ListItem","position":1,"name":"Home","item":"https:\/\/agexplorer.ffa.org\/"},{"@type":"ListItem","position":2,"name":"Virtual Field Trips","item":"https:\/\/agexplorer.ffa.org\/virtual-field-trips\/"},{"@type":"ListItem","position":3,"name":"The Science Behind Your Food"}]},{"@type":"WebSite","@id":"https:\/\/agexplorer.ffa.org\/#website","url":"https:\/\/agexplorer.ffa.org\/","name":"AgExplorer | Organizaci\u00f3n Nacional de la FFA","description":"Encuentra tu futuro en la agricultura","potentialAction":[{"@type":"SearchAction","target":{"@type":"EntryPoint","urlTemplate":"https:\/\/agexplorer.ffa.org\/?s={search_term_string}"},"query-input":{"@type":"PropertyValueSpecification","valueRequired":true,"valueName":"search_term_string"}}],"inLanguage":"es-MX"}]}},"_links":{"self":[{"href":"https:\/\/agexplorer.ffa.org\/es\/wp-json\/wp\/v2\/pages\/1136","targetHints":{"allow":["GET"]}}],"collection":[{"href":"https:\/\/agexplorer.ffa.org\/es\/wp-json\/wp\/v2\/pages"}],"about":[{"href":"https:\/\/agexplorer.ffa.org\/es\/wp-json\/wp\/v2\/types\/page"}],"author":[{"embeddable":true,"href":"https:\/\/agexplorer.ffa.org\/es\/wp-json\/wp\/v2\/users\/3"}],"replies":[{"embeddable":true,"href":"https:\/\/agexplorer.ffa.org\/es\/wp-json\/wp\/v2\/comments?post=1136"}],"version-history":[{"count":1,"href":"https:\/\/agexplorer.ffa.org\/es\/wp-json\/wp\/v2\/pages\/1136\/revisions"}],"predecessor-version":[{"id":3790,"href":"https:\/\/agexplorer.ffa.org\/es\/wp-json\/wp\/v2\/pages\/1136\/revisions\/3790"}],"up":[{"embeddable":true,"href":"https:\/\/agexplorer.ffa.org\/es\/wp-json\/wp\/v2\/pages\/1118"}],"wp:featuredmedia":[{"embeddable":true,"href":"https:\/\/agexplorer.ffa.org\/es\/wp-json\/wp\/v2\/media\/3153"}],"wp:attachment":[{"href":"https:\/\/agexplorer.ffa.org\/es\/wp-json\/wp\/v2\/media?parent=1136"}],"curies":[{"name":"wp","href":"https:\/\/api.w.org\/{rel}","templated":true}]}}