{"id":1120,"date":"2022-10-12T20:17:35","date_gmt":"2022-10-12T20:17:35","guid":{"rendered":"https:\/\/agexplorer.ffa.org\/?page_id=1120"},"modified":"2025-04-25T21:19:27","modified_gmt":"2025-04-25T21:19:27","slug":"virtual-field-trip-at-ford-motor-company","status":"publish","type":"page","link":"https:\/\/agexplorer.ffa.org\/es\/virtual-field-trips\/virtual-field-trip-at-ford-motor-company\/","title":{"rendered":"Visita virtual a Ford Motor Company"},"content":{"rendered":"<p>Entre bastidores en Ford Motor Company en Dearborn, Michigan, para aprender c\u00f3mo las necesidades de los clientes del sector agr\u00edcola influyen en el dise\u00f1o, la ingenier\u00eda y las pruebas de los camiones Ford Serie F. Conoce a los empleados de Ford que utilizan tecnolog\u00edas avanzadas para resolver los retos pr\u00e1cticos a los que se enfrentan a diario los entornos agr\u00edcolas.<\/p>","protected":false},"excerpt":{"rendered":"<p>Conozca entre bastidores las instalaciones de Ford Motor Company en Dearborn, Michigan, y descubra c\u00f3mo las necesidades de los clientes del sector agr\u00edcola influyen en el dise\u00f1o, la ingenier\u00eda y las pruebas de los camiones de la serie F de Ford. Conozca a los empleados de Ford<\/p>","protected":false},"author":3,"featured_media":3152,"parent":1118,"menu_order":8,"comment_status":"closed","ping_status":"closed","template":"","meta":{"_acf_changed":false,"footnotes":""},"class_list":["post-1120","page","type-page","status-publish","has-post-thumbnail","hentry"],"acf":[],"yoast_head":"<!-- This site is optimized with the Yoast SEO plugin v27.1.1 - https:\/\/yoast.com\/product\/yoast-seo-wordpress\/ -->\n<title>Virtual Field Trip at Ford Motor Company - AgExplorer | National FFA Organization<\/title>\n<meta name=\"robots\" content=\"index, follow, max-snippet:-1, max-image-preview:large, max-video-preview:-1\" \/>\n<link rel=\"canonical\" href=\"http:\/\/agexplorer.ffa.org\/es\/virtual-field-trips\/virtual-field-trip-at-ford-motor-company\/\" \/>\n<meta property=\"og:locale\" content=\"es_MX\" \/>\n<meta property=\"og:type\" content=\"article\" \/>\n<meta property=\"og:title\" content=\"Virtual Field Trip at Ford Motor Company - AgExplorer | National FFA Organization\" \/>\n<meta property=\"og:description\" content=\"Go behind-the-scenes at Ford Motor Company in Dearborn, Mich., to learn how the needs of agriculture customers impact the design, engineering and testing of Ford F-Series trucks. Meet Ford employees\" \/>\n<meta property=\"og:url\" content=\"http:\/\/agexplorer.ffa.org\/es\/virtual-field-trips\/virtual-field-trip-at-ford-motor-company\/\" \/>\n<meta property=\"og:site_name\" content=\"AgExplorer | National FFA Organization\" \/>\n<meta property=\"article:modified_time\" content=\"2025-04-25T21:19:27+00:00\" \/>\n<meta property=\"og:image\" content=\"http:\/\/agexplorer.ffa.org\/wp-content\/uploads\/2023\/04\/agex_vft_ford_640x828-e1745615956844.webp\" \/>\n\t<meta property=\"og:image:width\" content=\"600\" \/>\n\t<meta property=\"og:image:height\" content=\"464\" \/>\n\t<meta property=\"og:image:type\" content=\"image\/webp\" \/>\n<meta name=\"twitter:card\" content=\"summary_large_image\" \/>\n<meta name=\"twitter:label1\" content=\"Est. reading time\" \/>\n\t<meta name=\"twitter:data1\" content=\"1 minuto\" \/>\n<script type=\"application\/ld+json\" class=\"yoast-schema-graph\">{\"@context\":\"https:\/\/schema.org\",\"@graph\":[{\"@type\":\"WebPage\",\"@id\":\"http:\/\/agexplorer.ffa.org\/virtual-field-trips\/virtual-field-trip-at-ford-motor-company\/\",\"url\":\"http:\/\/agexplorer.ffa.org\/virtual-field-trips\/virtual-field-trip-at-ford-motor-company\/\",\"name\":\"Virtual Field Trip at Ford Motor Company - AgExplorer | National FFA Organization\",\"isPartOf\":{\"@id\":\"https:\/\/agexplorer.ffa.org\/#website\"},\"primaryImageOfPage\":{\"@id\":\"http:\/\/agexplorer.ffa.org\/virtual-field-trips\/virtual-field-trip-at-ford-motor-company\/#primaryimage\"},\"image\":{\"@id\":\"http:\/\/agexplorer.ffa.org\/virtual-field-trips\/virtual-field-trip-at-ford-motor-company\/#primaryimage\"},\"thumbnailUrl\":\"https:\/\/agexplorer.ffa.org\/wp-content\/uploads\/2023\/04\/agex_vft_ford_640x828-e1745615956844.webp\",\"datePublished\":\"2022-10-12T20:17:35+00:00\",\"dateModified\":\"2025-04-25T21:19:27+00:00\",\"breadcrumb\":{\"@id\":\"http:\/\/agexplorer.ffa.org\/virtual-field-trips\/virtual-field-trip-at-ford-motor-company\/#breadcrumb\"},\"inLanguage\":\"es-MX\",\"potentialAction\":[{\"@type\":\"ReadAction\",\"target\":[\"http:\/\/agexplorer.ffa.org\/virtual-field-trips\/virtual-field-trip-at-ford-motor-company\/\"]}]},{\"@type\":\"ImageObject\",\"inLanguage\":\"es-MX\",\"@id\":\"http:\/\/agexplorer.ffa.org\/virtual-field-trips\/virtual-field-trip-at-ford-motor-company\/#primaryimage\",\"url\":\"https:\/\/agexplorer.ffa.org\/wp-content\/uploads\/2023\/04\/agex_vft_ford_640x828-e1745615956844.webp\",\"contentUrl\":\"https:\/\/agexplorer.ffa.org\/wp-content\/uploads\/2023\/04\/agex_vft_ford_640x828-e1745615956844.webp\",\"width\":600,\"height\":464,\"caption\":\"AgExplorer\"},{\"@type\":\"BreadcrumbList\",\"@id\":\"http:\/\/agexplorer.ffa.org\/virtual-field-trips\/virtual-field-trip-at-ford-motor-company\/#breadcrumb\",\"itemListElement\":[{\"@type\":\"ListItem\",\"position\":1,\"name\":\"Home\",\"item\":\"https:\/\/agexplorer.ffa.org\/\"},{\"@type\":\"ListItem\",\"position\":2,\"name\":\"Virtual Field Trips\",\"item\":\"https:\/\/agexplorer.ffa.org\/virtual-field-trips\/\"},{\"@type\":\"ListItem\",\"position\":3,\"name\":\"Virtual Field Trip at Ford Motor Company\"}]},{\"@type\":\"WebSite\",\"@id\":\"https:\/\/agexplorer.ffa.org\/#website\",\"url\":\"https:\/\/agexplorer.ffa.org\/\",\"name\":\"AgExplorer | National FFA Organization\",\"description\":\"Find your Future in Agriculture\",\"potentialAction\":[{\"@type\":\"SearchAction\",\"target\":{\"@type\":\"EntryPoint\",\"urlTemplate\":\"https:\/\/agexplorer.ffa.org\/?s={search_term_string}\"},\"query-input\":{\"@type\":\"PropertyValueSpecification\",\"valueRequired\":true,\"valueName\":\"search_term_string\"}}],\"inLanguage\":\"es-MX\"}]}<\/script>\n<!-- \/ Yoast SEO plugin. -->","yoast_head_json":{"title":"Virtual Field Trip at Ford Motor Company - AgExplorer | National FFA Organization","robots":{"index":"index","follow":"follow","max-snippet":"max-snippet:-1","max-image-preview":"max-image-preview:large","max-video-preview":"max-video-preview:-1"},"canonical":"http:\/\/agexplorer.ffa.org\/es\/virtual-field-trips\/virtual-field-trip-at-ford-motor-company\/","og_locale":"es_MX","og_type":"article","og_title":"Virtual Field Trip at Ford Motor Company - AgExplorer | National FFA Organization","og_description":"Go behind-the-scenes at Ford Motor Company in Dearborn, Mich., to learn how the needs of agriculture customers impact the design, engineering and testing of Ford F-Series trucks. Meet Ford employees","og_url":"http:\/\/agexplorer.ffa.org\/es\/virtual-field-trips\/virtual-field-trip-at-ford-motor-company\/","og_site_name":"AgExplorer | National FFA Organization","article_modified_time":"2025-04-25T21:19:27+00:00","og_image":[{"width":600,"height":464,"url":"http:\/\/agexplorer.ffa.org\/wp-content\/uploads\/2023\/04\/agex_vft_ford_640x828-e1745615956844.webp","type":"image\/webp"}],"twitter_card":"summary_large_image","twitter_misc":{"Est. reading time":"1 minuto"},"schema":{"@context":"https:\/\/schema.org","@graph":[{"@type":"WebPage","@id":"http:\/\/agexplorer.ffa.org\/virtual-field-trips\/virtual-field-trip-at-ford-motor-company\/","url":"http:\/\/agexplorer.ffa.org\/virtual-field-trips\/virtual-field-trip-at-ford-motor-company\/","name":"Virtual Field Trip at Ford Motor Company - AgExplorer | National FFA Organization","isPartOf":{"@id":"https:\/\/agexplorer.ffa.org\/#website"},"primaryImageOfPage":{"@id":"http:\/\/agexplorer.ffa.org\/virtual-field-trips\/virtual-field-trip-at-ford-motor-company\/#primaryimage"},"image":{"@id":"http:\/\/agexplorer.ffa.org\/virtual-field-trips\/virtual-field-trip-at-ford-motor-company\/#primaryimage"},"thumbnailUrl":"https:\/\/agexplorer.ffa.org\/wp-content\/uploads\/2023\/04\/agex_vft_ford_640x828-e1745615956844.webp","datePublished":"2022-10-12T20:17:35+00:00","dateModified":"2025-04-25T21:19:27+00:00","breadcrumb":{"@id":"http:\/\/agexplorer.ffa.org\/virtual-field-trips\/virtual-field-trip-at-ford-motor-company\/#breadcrumb"},"inLanguage":"es-MX","potentialAction":[{"@type":"ReadAction","target":["http:\/\/agexplorer.ffa.org\/virtual-field-trips\/virtual-field-trip-at-ford-motor-company\/"]}]},{"@type":"ImageObject","inLanguage":"es-MX","@id":"http:\/\/agexplorer.ffa.org\/virtual-field-trips\/virtual-field-trip-at-ford-motor-company\/#primaryimage","url":"https:\/\/agexplorer.ffa.org\/wp-content\/uploads\/2023\/04\/agex_vft_ford_640x828-e1745615956844.webp","contentUrl":"https:\/\/agexplorer.ffa.org\/wp-content\/uploads\/2023\/04\/agex_vft_ford_640x828-e1745615956844.webp","width":600,"height":464,"caption":"AgExplorer"},{"@type":"BreadcrumbList","@id":"http:\/\/agexplorer.ffa.org\/virtual-field-trips\/virtual-field-trip-at-ford-motor-company\/#breadcrumb","itemListElement":[{"@type":"ListItem","position":1,"name":"Home","item":"https:\/\/agexplorer.ffa.org\/"},{"@type":"ListItem","position":2,"name":"Virtual Field Trips","item":"https:\/\/agexplorer.ffa.org\/virtual-field-trips\/"},{"@type":"ListItem","position":3,"name":"Virtual Field Trip at Ford Motor Company"}]},{"@type":"WebSite","@id":"https:\/\/agexplorer.ffa.org\/#website","url":"https:\/\/agexplorer.ffa.org\/","name":"AgExplorer | Organizaci\u00f3n Nacional de la FFA","description":"Encuentra tu futuro en la agricultura","potentialAction":[{"@type":"SearchAction","target":{"@type":"EntryPoint","urlTemplate":"https:\/\/agexplorer.ffa.org\/?s={search_term_string}"},"query-input":{"@type":"PropertyValueSpecification","valueRequired":true,"valueName":"search_term_string"}}],"inLanguage":"es-MX"}]}},"_links":{"self":[{"href":"https:\/\/agexplorer.ffa.org\/es\/wp-json\/wp\/v2\/pages\/1120","targetHints":{"allow":["GET"]}}],"collection":[{"href":"https:\/\/agexplorer.ffa.org\/es\/wp-json\/wp\/v2\/pages"}],"about":[{"href":"https:\/\/agexplorer.ffa.org\/es\/wp-json\/wp\/v2\/types\/page"}],"author":[{"embeddable":true,"href":"https:\/\/agexplorer.ffa.org\/es\/wp-json\/wp\/v2\/users\/3"}],"replies":[{"embeddable":true,"href":"https:\/\/agexplorer.ffa.org\/es\/wp-json\/wp\/v2\/comments?post=1120"}],"version-history":[{"count":1,"href":"https:\/\/agexplorer.ffa.org\/es\/wp-json\/wp\/v2\/pages\/1120\/revisions"}],"predecessor-version":[{"id":3789,"href":"https:\/\/agexplorer.ffa.org\/es\/wp-json\/wp\/v2\/pages\/1120\/revisions\/3789"}],"up":[{"embeddable":true,"href":"https:\/\/agexplorer.ffa.org\/es\/wp-json\/wp\/v2\/pages\/1118"}],"wp:featuredmedia":[{"embeddable":true,"href":"https:\/\/agexplorer.ffa.org\/es\/wp-json\/wp\/v2\/media\/3152"}],"wp:attachment":[{"href":"https:\/\/agexplorer.ffa.org\/es\/wp-json\/wp\/v2\/media?parent=1120"}],"curies":[{"name":"wp","href":"https:\/\/api.w.org\/{rel}","templated":true}]}}